{"id":88834,"date":"2011-05-01T13:16:30","date_gmt":"2011-05-01T11:16:30","guid":{"rendered":"https:\/\/www.seaflowerstore.com\/nl\/red-sea-nitrate-pro-no3-comparator-test-kit\/"},"modified":"2024-03-20T16:13:17","modified_gmt":"2024-03-20T15:13:17","slug":"red-sea-nitrate-pro-no3-comparator-test-kit","status":"publish","type":"product","link":"https:\/\/www.seaflowerstore.com\/de\/red-sea-nitrate-pro-no3-comparator-test-kit\/","title":{"rendered":"Red Sea Nitrate Pro (NO3) Comparator Test kit"},"content":{"rendered":"<h2>Red Sea Nitrate Pro (NO3) Comparator Test kit for measuring nitrate in your seawater aquarium<\/h2>\n<p>Das Red Sea Nitrate Pro-Testkit ist ein fortschrittlicher kolorimetrischer Komparator zur Messung von Nitrat mit einer beeindruckenden Aufl\u00f6sung von 0,125 ppm. Die neuen Red Sea-Tests bieten eine hohe Genauigkeit bei der Messung kleiner Skalenschritte.<\/p>\n<p>Dieser benutzerfreundliche Komparator umfasst einen zusammengebauten K\u00f6rper und eine Scheibe, die zwei Becher aufnimmt \u2013 einen f\u00fcr Ihr normales Aquarienwasser und einen f\u00fcr das getestete Wasser. Sie k\u00f6nnen die Farbscheibe drehen, bis Sie die perfekte \u00dcbereinstimmung f\u00fcr Ihren Test gefunden haben.<\/p>\n<p>Zus\u00e4tzlich enth\u00e4lt das Kit Titrationsbecher aus Glas in Laborqualit\u00e4t, die im Gegensatz zu Plastikbechern langlebig sind und ihre Klarheit \u00fcber die Zeit behalten. Die Liebe zum Detail erstreckt sich auch auf die kleinsten Komponenten.<\/p>\n<p>Auch die robuste und benutzerfreundliche Aufbewahrungsbox aus schwarzem Kunststoff sowie eine ausf\u00fchrliche Bedienungsanleitung f\u00fcr Einsteiger und eine praktische, bebilderte Anleitung f\u00fcr schnelle Messungen werden Sie zu sch\u00e4tzen wissen.<\/p>\n<p><strong>Lieferumfang:<\/strong><\/p>\n<ul>\n<li>1x Hochwertige und stabile Aufbewahrungsbox aus Kunststoff<\/li>\n<li>1x NO3 A 40ml Reagenz<\/li>\n<li>1x NO3 B 25g Reagenz<\/li>\n<li>1x NO3 C 25ml Reagenz<\/li>\n<li>1x Kunststoffspritze 5ml<\/li>\n<li>2x Titrationsbecher aus Glas mit Schraubverschluss<\/li>\n<li>1x Farbscheibe<\/li>\n<li>1x Komparatork\u00f6rper<\/li>\n<li>1x Ausf\u00fchrliche Bedienungsanleitung<\/li>\n<li>1x Doppelseitige Karte mit bebilderter Gebrauchsanweisung und Inhaltsverzeichnis Werte<\/li>\n<\/ul>\n<p><strong>Algenelement:<\/strong> N-NO3 (Stickstoffgehalt von Nitrat)<\/p>\n<p><strong>Testtyp:<\/strong> Komparator<\/p>\n<p><strong>Anzahl der Tests:<\/strong> 100<\/p>\n<p><strong>Genauigkeit:<\/strong> 0,06 ppm<\/p>\n<p><strong>Aufl\u00f6sung:<\/strong> 0,125 ppm<\/p>\n<p><strong>Messbereich:<\/strong> 0,06 ppm bis 15 ppm<\/p>\n","protected":false},"excerpt":{"rendered":"<p>Red Sea Nitrate test Pro (NO3) Comparator Test kit for measuring nitrate in your seawater aquarium<\/p>\n","protected":false},"featured_media":76928,"template":"","meta":[],"pwb-brand":[2125],"product_cat":[1404,1400],"product_tag":[],"class_list":{"0":"post-88834","1":"product","2":"type-product","3":"status-publish","4":"has-post-thumbnail","6":"pwb-brand-red-sea","7":"product_cat-redsea-de","8":"product_cat-tester","10":"first","11":"instock","12":"taxable","13":"shipping-taxable","14":"purchasable","15":"product-type-simple"},"acf":[],"brands":[{"id":2125,"name":"Red Sea","slug":"red-sea"}],"_links":{"self":[{"href":"https:\/\/www.seaflowerstore.com\/de\/wp-json\/wp\/v2\/product\/88834","targetHints":{"allow":["GET"]}}],"collection":[{"href":"https:\/\/www.seaflowerstore.com\/de\/wp-json\/wp\/v2\/product"}],"about":[{"href":"https:\/\/www.seaflowerstore.com\/de\/wp-json\/wp\/v2\/types\/product"}],"wp:featuredmedia":[{"embeddable":true,"href":"https:\/\/www.seaflowerstore.com\/de\/wp-json\/wp\/v2\/media\/76928"}],"wp:attachment":[{"href":"https:\/\/www.seaflowerstore.com\/de\/wp-json\/wp\/v2\/media?parent=88834"}],"wp:term":[{"taxonomy":"pwb-brand","embeddable":true,"href":"https:\/\/www.seaflowerstore.com\/de\/wp-json\/wp\/v2\/pwb-brand?post=88834"},{"taxonomy":"product_cat","embeddable":true,"href":"https:\/\/www.seaflowerstore.com\/de\/wp-json\/wp\/v2\/product_cat?post=88834"},{"taxonomy":"product_tag","embeddable":true,"href":"https:\/\/www.seaflowerstore.com\/de\/wp-json\/wp\/v2\/product_tag?post=88834"}],"curies":[{"name":"wp","href":"https:\/\/api.w.org\/{rel}","templated":true}]}}