{"id":88835,"date":"2011-05-01T13:14:11","date_gmt":"2011-05-01T11:14:11","guid":{"rendered":"https:\/\/www.seaflowerstore.com\/nl\/red-sea-magnesium-pro-titration-test-kit\/"},"modified":"2024-03-20T16:13:16","modified_gmt":"2024-03-20T15:13:16","slug":"red-sea-magnesium-pro-titration-test-kit","status":"publish","type":"product","link":"https:\/\/www.seaflowerstore.com\/de\/red-sea-magnesium-pro-titration-test-kit\/","title":{"rendered":"Red Sea Magnesium Pro titration Test Kit"},"content":{"rendered":"<h2>Red Sea Magnesium Pro test Kit Advanced titration test measuring the level of Magnesium in your reef aquarium, with exceptionally high accuracy of 20 ppm<\/h2>\n<p>Das <strong>MAGNESIUM PRO Reef Test Kit<\/strong> wurde entwickelt, um Ihnen dabei zu helfen, das <strong>MAGNESIUM Foundation C<\/strong>-Pr\u00e4parat von Red Sea, ein wichtiger Bestandteil des kompletten <strong>Red Sea Reef Care Program<\/strong>, genau zu messen und zu dosieren.<\/p>\n<p>Dieses Kit enth\u00e4lt einen <strong>Titrator<\/strong>, der einfach mit einer Hand zu bedienen ist und hochpr\u00e4zise Messungen erm\u00f6glicht.<\/p>\n<p>Das Magnesium Pro Test Kit wird in einem <strong>langlebigen, chemikalienbest\u00e4ndigen Kunststoffgeh\u00e4use<\/strong> geliefert und enth\u00e4lt <strong>Glasfl\u00e4schchen in Analysequalit\u00e4t<\/strong> f\u00fcr zuverl\u00e4ssige Tests.<\/p>\n<p><strong>MAGNESIUM PRO Reef Test Kit Packungsgr\u00f6\u00dfe\/Volumen:<\/strong> 100 Tests<\/p>\n","protected":false},"excerpt":{"rendered":"<p>Red Sea Magnesium Pro advanced titration test measuring the level of Magnesium in your reef aquarium, with exceptionally high accuracy of 20 ppm<\/p>\n","protected":false},"featured_media":76926,"template":"","meta":[],"pwb-brand":[2125],"product_cat":[1404,1400],"product_tag":[],"class_list":{"0":"post-88835","1":"product","2":"type-product","3":"status-publish","4":"has-post-thumbnail","6":"pwb-brand-red-sea","7":"product_cat-redsea-de","8":"product_cat-tester","10":"first","11":"instock","12":"taxable","13":"shipping-taxable","14":"purchasable","15":"product-type-simple"},"acf":[],"brands":[{"id":2125,"name":"Red Sea","slug":"red-sea"}],"_links":{"self":[{"href":"https:\/\/www.seaflowerstore.com\/de\/wp-json\/wp\/v2\/product\/88835","targetHints":{"allow":["GET"]}}],"collection":[{"href":"https:\/\/www.seaflowerstore.com\/de\/wp-json\/wp\/v2\/product"}],"about":[{"href":"https:\/\/www.seaflowerstore.com\/de\/wp-json\/wp\/v2\/types\/product"}],"wp:featuredmedia":[{"embeddable":true,"href":"https:\/\/www.seaflowerstore.com\/de\/wp-json\/wp\/v2\/media\/76926"}],"wp:attachment":[{"href":"https:\/\/www.seaflowerstore.com\/de\/wp-json\/wp\/v2\/media?parent=88835"}],"wp:term":[{"taxonomy":"pwb-brand","embeddable":true,"href":"https:\/\/www.seaflowerstore.com\/de\/wp-json\/wp\/v2\/pwb-brand?post=88835"},{"taxonomy":"product_cat","embeddable":true,"href":"https:\/\/www.seaflowerstore.com\/de\/wp-json\/wp\/v2\/product_cat?post=88835"},{"taxonomy":"product_tag","embeddable":true,"href":"https:\/\/www.seaflowerstore.com\/de\/wp-json\/wp\/v2\/product_tag?post=88835"}],"curies":[{"name":"wp","href":"https:\/\/api.w.org\/{rel}","templated":true}]}}