{"id":88838,"date":"2011-05-01T12:49:55","date_gmt":"2011-05-01T10:49:55","guid":{"rendered":"https:\/\/www.seaflowerstore.com\/nl\/reef-foundation-pro-multi-test-kit\/"},"modified":"2024-03-20T16:13:06","modified_gmt":"2024-03-20T15:13:06","slug":"reef-foundation-pro-multi-test-kit","status":"publish","type":"product","link":"https:\/\/www.seaflowerstore.com\/de\/reef-foundation-pro-multi-test-kit\/","title":{"rendered":"Reef Foundation Pro Multi Test kit"},"content":{"rendered":"<h2>Red Sea Reef Foundation Pro Multi Test kit (Ca, Alk, Mg) for measuring Calcium, kH and Magnesium<\/h2>\n<p>Dieses Kit enth\u00e4lt die folgenden Testkits:<\/p>\n<ul>\n<li>Calcium Pro<\/li>\n<li>Magnesium Pro<\/li>\n<li>KH \/ Alkalinity Pro<\/li>\n<\/ul>\n<p>Alle Pro-Testkits werden in einem robusten Kunststoffgeh\u00e4use geliefert, sodass sie f\u00fcr Ihre Testanforderungen zuverl\u00e4ssig sind. Sie verf\u00fcgen \u00fcber einen einfach zu verwendenden \u201eTropfen-und-Sch\u00fctteln\u201c-Titrator, der ein hohes Ma\u00df an Genauigkeit f\u00fcr alle Titrationstests gew\u00e4hrleistet. Dar\u00fcber hinaus betr\u00e4gt die Tr\u00f6pfchengr\u00f6\u00dfe 0,01 ml, was pr\u00e4zise Messungen erm\u00f6glicht.<\/p>\n","protected":false},"excerpt":{"rendered":"<p>Red Sea Reef Foundation Pro Multi Test kit Contains the following test kits: &#8211; Calcium Pro, Magnesium Pro, KH \/ Alkalinity Pro<\/p>\n","protected":false},"featured_media":76918,"template":"","meta":[],"pwb-brand":[2125],"product_cat":[1404,1400],"product_tag":[],"class_list":{"0":"post-88838","1":"product","2":"type-product","3":"status-publish","4":"has-post-thumbnail","6":"pwb-brand-red-sea","7":"product_cat-redsea-de","8":"product_cat-tester","10":"first","11":"instock","12":"taxable","13":"shipping-taxable","14":"purchasable","15":"product-type-simple"},"acf":[],"brands":[{"id":2125,"name":"Red Sea","slug":"red-sea"}],"_links":{"self":[{"href":"https:\/\/www.seaflowerstore.com\/de\/wp-json\/wp\/v2\/product\/88838","targetHints":{"allow":["GET"]}}],"collection":[{"href":"https:\/\/www.seaflowerstore.com\/de\/wp-json\/wp\/v2\/product"}],"about":[{"href":"https:\/\/www.seaflowerstore.com\/de\/wp-json\/wp\/v2\/types\/product"}],"wp:featuredmedia":[{"embeddable":true,"href":"https:\/\/www.seaflowerstore.com\/de\/wp-json\/wp\/v2\/media\/76918"}],"wp:attachment":[{"href":"https:\/\/www.seaflowerstore.com\/de\/wp-json\/wp\/v2\/media?parent=88838"}],"wp:term":[{"taxonomy":"pwb-brand","embeddable":true,"href":"https:\/\/www.seaflowerstore.com\/de\/wp-json\/wp\/v2\/pwb-brand?post=88838"},{"taxonomy":"product_cat","embeddable":true,"href":"https:\/\/www.seaflowerstore.com\/de\/wp-json\/wp\/v2\/product_cat?post=88838"},{"taxonomy":"product_tag","embeddable":true,"href":"https:\/\/www.seaflowerstore.com\/de\/wp-json\/wp\/v2\/product_tag?post=88838"}],"curies":[{"name":"wp","href":"https:\/\/api.w.org\/{rel}","templated":true}]}}