{"id":88840,"date":"2011-05-01T09:30:25","date_gmt":"2011-05-01T07:30:25","guid":{"rendered":"https:\/\/www.seaflowerstore.com\/nl\/seahorses-and-their-relatives\/"},"modified":"2024-03-20T16:13:06","modified_gmt":"2024-03-20T15:13:06","slug":"seahorses-and-their-relatives","status":"publish","type":"product","link":"https:\/\/www.seaflowerstore.com\/de\/seahorses-and-their-relatives\/","title":{"rendered":"Seahorses and their relatives"},"content":{"rendered":"<h2>Seahorses and their relatives most comprehensive encyclopeodia of the worlds seahorses and their relatives<\/h2>\n<p>Dieses atemberaubende Buch von Rudie Kuiter f\u00e4ngt die Sch\u00f6nheit und Eleganz von Seepferdchen und ihren Verwandten durch fantastische Farbfotografien auf brillante Weise ein. Es ist viel mehr als nur ein Bilderbuch; es dient als umfassendste Enzyklop\u00e4die dieser faszinierenden Kreaturen.<\/p>\n<p>Die Namen der in diesem Buch vorgestellten Kreaturen sind sehr vielsagend: Seepferdchen, Fetzenfische, Pfeifenpferde, Seenadeln, Balgfische, Fl\u00f6tenmaulfische, Trompetenfische und Seeschwalben. \u00dcber 370 Arten sind enthalten, erg\u00e4nzt durch mehr als 1200 Fotos, die meisten davon in ihrem nat\u00fcrlichen Lebensraum aufgenommen. Das Buch stellt verschiedene Gattungen und Untergattungen vor, darunter etwa 80 Arten von Seepferdchen.<\/p>\n<p>Zus\u00e4tzlich enth\u00e4lt das Buch spezielle Kapitel, die den Ursprung, die Evolution und die globale Verbreitung dieser Arten behandeln. Es befasst sich au\u00dferdem mit dem Thema Aquakultur f\u00fcr den Aquarienhandel, untersucht, warum dieser Handel existiert, wie es diesen Lebewesen in der freien Natur ergeht und r\u00e4umt mit dem Mythos \u00fcber ihren bedrohten Status auf.<\/p>\n<p>Das Buch ist vollst\u00e4ndig indexiert und enth\u00e4lt ein wertvolles Glossar sowie eine Liste mit Referenzen, was es zu einem n\u00fctzlichen Leitfaden f\u00fcr alle macht, die sich f\u00fcr diese bemerkenswerten Meerestiere interessieren.<\/p>\n","protected":false},"excerpt":{"rendered":"<p>Seahorses and their relative most comprehensive encyclopeodia of the world&#8217;s seahorses and their relatives<\/p>\n","protected":false},"featured_media":76914,"template":"","meta":[],"pwb-brand":[2161],"product_cat":[1582],"product_tag":[],"class_list":{"0":"post-88840","1":"product","2":"type-product","3":"status-publish","4":"has-post-thumbnail","6":"pwb-brand-seaflower","7":"product_cat-buecher","9":"first","10":"outofstock","11":"taxable","12":"shipping-taxable","13":"purchasable","14":"product-type-simple"},"acf":[],"brands":[{"id":2161,"name":"Seaflower","slug":"seaflower"}],"_links":{"self":[{"href":"https:\/\/www.seaflowerstore.com\/de\/wp-json\/wp\/v2\/product\/88840","targetHints":{"allow":["GET"]}}],"collection":[{"href":"https:\/\/www.seaflowerstore.com\/de\/wp-json\/wp\/v2\/product"}],"about":[{"href":"https:\/\/www.seaflowerstore.com\/de\/wp-json\/wp\/v2\/types\/product"}],"wp:featuredmedia":[{"embeddable":true,"href":"https:\/\/www.seaflowerstore.com\/de\/wp-json\/wp\/v2\/media\/76914"}],"wp:attachment":[{"href":"https:\/\/www.seaflowerstore.com\/de\/wp-json\/wp\/v2\/media?parent=88840"}],"wp:term":[{"taxonomy":"pwb-brand","embeddable":true,"href":"https:\/\/www.seaflowerstore.com\/de\/wp-json\/wp\/v2\/pwb-brand?post=88840"},{"taxonomy":"product_cat","embeddable":true,"href":"https:\/\/www.seaflowerstore.com\/de\/wp-json\/wp\/v2\/product_cat?post=88840"},{"taxonomy":"product_tag","embeddable":true,"href":"https:\/\/www.seaflowerstore.com\/de\/wp-json\/wp\/v2\/product_tag?post=88840"}],"curies":[{"name":"wp","href":"https:\/\/api.w.org\/{rel}","templated":true}]}}