{"id":88880,"date":"2011-04-28T18:44:12","date_gmt":"2011-04-28T16:44:12","guid":{"rendered":"https:\/\/www.seaflowerstore.com\/nl\/grotech-magnesium-pro-liquid-1000ml\/"},"modified":"2024-03-20T16:12:24","modified_gmt":"2024-03-20T15:12:24","slug":"grotech-magnesium-pro-liquid-1000ml","status":"publish","type":"product","link":"https:\/\/www.seaflowerstore.com\/de\/grotech-magnesium-pro-liquid-1000ml\/","title":{"rendered":"Grotech Magnesium pro liquid 1000ml"},"content":{"rendered":"<h2>Grotech Magnesium pro liquid 1000ml<\/h2>\n<p><strong>Magnesium pro liquid<\/strong> ist f\u00fcr eine schnelle Steigerung des Magnesiumspiegels in Ihrem Aquarienwasser konzipiert. Jeder Liter dieses Produkts enth\u00e4lt bemerkenswerte <strong>50.000 mg<\/strong> Magnesium. Bei Verwendung von Magnesium pro liquid sollten Sie nur die Menge an Magnesium zuf\u00fchren, die tats\u00e4chlich verbraucht wurde.<\/p>\n<p>Zuerst m\u00fcssen Sie den Magnesiumspiegel in Ihrem Aquarium messen. Wenn Ihr aktueller Magnesiumspiegel beispielsweise <strong>1200 mg\/l<\/strong> betr\u00e4gt und Sie ihn in einem <strong>500-Liter-Aquarium<\/strong> auf <strong>1300 mg\/l<\/strong> erh\u00f6hen m\u00f6chten, k\u00f6nnen Sie ihn folgenderma\u00dfen berechnen:<\/p>\n<ul>\n<li><strong>Gew\u00fcnschter Mg-Wert<\/strong> &#8211; <strong>Gemessener Wert<\/strong> = <strong>Defizit in mg\/l<\/strong>: 1300 mg\/l &#8211; 1200 mg\/l = <strong>100 mg\/l<\/strong><\/li>\n<li><strong>Mangel in mg\/l<\/strong> x <strong>Aquarieninhalt in Litern<\/strong> = <strong>Mangel in mg<\/strong>: 100 mg\/l x 500 Liter = <strong>50.000 mg<\/strong><\/li>\n<li><strong>Mangel in mg<\/strong> : <strong>Mg. pro liquid<\/strong> 50.000 mg\/l = <strong>Bedarfszugabe in Litern<\/strong>: 50.000 mg : 50.000 mg\/l = <strong>1 Liter<\/strong><\/li>\n<\/ul>\n<p>Wichtig ist, dass das Defizit langsam \u00fcber den Tag verteilt zugef\u00fchrt werden sollte. Nach einigen Tagen k\u00f6nnen Sie den Magnesiumverbrauch in Ihrem Aquarium feststellen und den t\u00e4glichen Mangel mit einer Dosierpumpe zuf\u00fchren. Klingt kompliziert? Ist aber gar nicht so schlimm! Der Gesamtinhalt dieses Produktes betr\u00e4gt <strong>1000 ml<\/strong>.<\/p>\n","protected":false},"excerpt":{"rendered":"<p>Grotech Magnesium pro liquid 1000ml liquid for rapid increase of magnesium content<\/p>\n","protected":false},"featured_media":76841,"template":"","meta":[],"pwb-brand":[2135],"product_cat":[1391],"product_tag":[],"class_list":{"0":"post-88880","1":"product","2":"type-product","3":"status-publish","4":"has-post-thumbnail","6":"pwb-brand-grotech","7":"product_cat-ergaenzungen","9":"first","10":"instock","11":"taxable","12":"shipping-taxable","13":"purchasable","14":"product-type-simple"},"acf":[],"brands":[{"id":2135,"name":"Grotech","slug":"grotech"}],"_links":{"self":[{"href":"https:\/\/www.seaflowerstore.com\/de\/wp-json\/wp\/v2\/product\/88880","targetHints":{"allow":["GET"]}}],"collection":[{"href":"https:\/\/www.seaflowerstore.com\/de\/wp-json\/wp\/v2\/product"}],"about":[{"href":"https:\/\/www.seaflowerstore.com\/de\/wp-json\/wp\/v2\/types\/product"}],"wp:featuredmedia":[{"embeddable":true,"href":"https:\/\/www.seaflowerstore.com\/de\/wp-json\/wp\/v2\/media\/76841"}],"wp:attachment":[{"href":"https:\/\/www.seaflowerstore.com\/de\/wp-json\/wp\/v2\/media?parent=88880"}],"wp:term":[{"taxonomy":"pwb-brand","embeddable":true,"href":"https:\/\/www.seaflowerstore.com\/de\/wp-json\/wp\/v2\/pwb-brand?post=88880"},{"taxonomy":"product_cat","embeddable":true,"href":"https:\/\/www.seaflowerstore.com\/de\/wp-json\/wp\/v2\/product_cat?post=88880"},{"taxonomy":"product_tag","embeddable":true,"href":"https:\/\/www.seaflowerstore.com\/de\/wp-json\/wp\/v2\/product_tag?post=88880"}],"curies":[{"name":"wp","href":"https:\/\/api.w.org\/{rel}","templated":true}]}}