{"id":88881,"date":"2011-04-28T18:43:48","date_gmt":"2011-04-28T16:43:48","guid":{"rendered":"https:\/\/www.seaflowerstore.com\/nl\/grotech-vitamino-m-500ml\/"},"modified":"2025-03-23T09:08:15","modified_gmt":"2025-03-23T08:08:15","slug":"grotech-vitamino-m-500ml","status":"publish","type":"product","link":"https:\/\/www.seaflowerstore.com\/de\/grotech-vitamino-m-500ml\/","title":{"rendered":"Grotech VitAmino M &#8211; 500ml"},"content":{"rendered":"<h2>Grotech VitAmino M &#8211; 500ml Vitamins and amino acids<\/h2>\n<p><strong>Grotech VitAmino M<\/strong> ist eine fantastische Mischung aus <strong>11 Vitaminen<\/strong> und <strong>20 Aminos\u00e4uren<\/strong>. Diese N\u00e4hrstoffe sind f\u00fcr die Gesundheit Ihrer Fische und Wirbellosen lebenswichtig. Es ist wichtig zu beachten, dass Aminos\u00e4uren nicht von den Organismen selbst produziert werden k\u00f6nnen, daher m\u00fcssen sie st\u00e4ndig aus externen Quellen bereitgestellt werden.<\/p>\n","protected":false},"excerpt":{"rendered":"<p>VitAmino M 500ml Vitamins and amino acids<\/p>\n","protected":false},"featured_media":76839,"template":"","meta":[],"pwb-brand":[2135],"product_cat":[1391],"product_tag":[],"class_list":{"0":"post-88881","1":"product","2":"type-product","3":"status-publish","4":"has-post-thumbnail","6":"pwb-brand-grotech","7":"product_cat-ergaenzungen","9":"first","10":"instock","11":"taxable","12":"shipping-taxable","13":"purchasable","14":"product-type-simple"},"acf":[],"brands":[{"id":2135,"name":"Grotech","slug":"grotech"}],"_links":{"self":[{"href":"https:\/\/www.seaflowerstore.com\/de\/wp-json\/wp\/v2\/product\/88881","targetHints":{"allow":["GET"]}}],"collection":[{"href":"https:\/\/www.seaflowerstore.com\/de\/wp-json\/wp\/v2\/product"}],"about":[{"href":"https:\/\/www.seaflowerstore.com\/de\/wp-json\/wp\/v2\/types\/product"}],"wp:featuredmedia":[{"embeddable":true,"href":"https:\/\/www.seaflowerstore.com\/de\/wp-json\/wp\/v2\/media\/76839"}],"wp:attachment":[{"href":"https:\/\/www.seaflowerstore.com\/de\/wp-json\/wp\/v2\/media?parent=88881"}],"wp:term":[{"taxonomy":"pwb-brand","embeddable":true,"href":"https:\/\/www.seaflowerstore.com\/de\/wp-json\/wp\/v2\/pwb-brand?post=88881"},{"taxonomy":"product_cat","embeddable":true,"href":"https:\/\/www.seaflowerstore.com\/de\/wp-json\/wp\/v2\/product_cat?post=88881"},{"taxonomy":"product_tag","embeddable":true,"href":"https:\/\/www.seaflowerstore.com\/de\/wp-json\/wp\/v2\/product_tag?post=88881"}],"curies":[{"name":"wp","href":"https:\/\/api.w.org\/{rel}","templated":true}]}}