{"id":88884,"date":"2011-04-28T18:42:41","date_gmt":"2011-04-28T16:42:41","guid":{"rendered":"https:\/\/www.seaflowerstore.com\/nl\/grotech-kh-ca-1-5000ml\/"},"modified":"2024-03-20T16:12:18","modified_gmt":"2024-03-20T15:12:18","slug":"grotech-kh-ca-1-5000ml","status":"publish","type":"product","link":"https:\/\/www.seaflowerstore.com\/de\/grotech-kh-ca-1-5000ml\/","title":{"rendered":"Grotech KH + CA 1 5000ml"},"content":{"rendered":"<h2>Grotech KH + CA 1 5000ml liquid for rapid increase of carbonate hardness<\/h2>\n<p>Diese Fl\u00fcssigkeit ist f\u00fcr eine schnelle Steigerung der Karbonath\u00e4rte konzipiert. Durch Zugabe von nur 50ml KH + CA1 k\u00f6nnen Sie die Karbonath\u00e4rte in 100 Litern Wasser um 2\u00b0 KH erh\u00f6hen.<\/p>\n<p>Der ideale Zielwert liegt bei etwa 8\u00b0 KH. Dieser KH-Wert ist entscheidend, da er die pH-Pufferkapazit\u00e4t Ihres Wassers angibt. Bei einem zu niedrigen KH-Wert besteht die Gefahr einer pH-Falle.<\/p>\n<p><strong>Inhalt:<\/strong> 5000ml<\/p>\n","protected":false},"excerpt":{"rendered":"<p>Grotech KH + CA 1 5000ml liquid for rapid increase of carbonate hardness<\/p>\n","protected":false},"featured_media":76833,"template":"","meta":[],"pwb-brand":[2135],"product_cat":[1391],"product_tag":[],"class_list":{"0":"post-88884","1":"product","2":"type-product","3":"status-publish","4":"has-post-thumbnail","6":"pwb-brand-grotech","7":"product_cat-ergaenzungen","9":"first","10":"instock","11":"taxable","12":"shipping-taxable","13":"purchasable","14":"product-type-simple"},"acf":[],"brands":[{"id":2135,"name":"Grotech","slug":"grotech"}],"_links":{"self":[{"href":"https:\/\/www.seaflowerstore.com\/de\/wp-json\/wp\/v2\/product\/88884","targetHints":{"allow":["GET"]}}],"collection":[{"href":"https:\/\/www.seaflowerstore.com\/de\/wp-json\/wp\/v2\/product"}],"about":[{"href":"https:\/\/www.seaflowerstore.com\/de\/wp-json\/wp\/v2\/types\/product"}],"wp:featuredmedia":[{"embeddable":true,"href":"https:\/\/www.seaflowerstore.com\/de\/wp-json\/wp\/v2\/media\/76833"}],"wp:attachment":[{"href":"https:\/\/www.seaflowerstore.com\/de\/wp-json\/wp\/v2\/media?parent=88884"}],"wp:term":[{"taxonomy":"pwb-brand","embeddable":true,"href":"https:\/\/www.seaflowerstore.com\/de\/wp-json\/wp\/v2\/pwb-brand?post=88884"},{"taxonomy":"product_cat","embeddable":true,"href":"https:\/\/www.seaflowerstore.com\/de\/wp-json\/wp\/v2\/product_cat?post=88884"},{"taxonomy":"product_tag","embeddable":true,"href":"https:\/\/www.seaflowerstore.com\/de\/wp-json\/wp\/v2\/product_tag?post=88884"}],"curies":[{"name":"wp","href":"https:\/\/api.w.org\/{rel}","templated":true}]}}