{"id":88886,"date":"2011-04-28T18:41:54","date_gmt":"2011-04-28T16:41:54","guid":{"rendered":"https:\/\/www.seaflowerstore.com\/nl\/grotech-corall-c-500ml\/"},"modified":"2024-03-20T16:12:16","modified_gmt":"2024-03-20T15:12:16","slug":"grotech-corall-c-500ml","status":"publish","type":"product","link":"https:\/\/www.seaflowerstore.com\/de\/grotech-corall-c-500ml\/","title":{"rendered":"Grotech Corall C 500ml"},"content":{"rendered":"<h2>Grotech Corall C 500ml contains fluorine, iodine, boron, molybdenum<\/h2>\n<p>Corall A, B und C sind drei einzigartige Mischungen aus Spurenelementen, die separat dosiert werden sollten, um den Bedarf Ihrer Wassertiere zu decken. Die Zusammensetzung von Corall A, B und C wurde sorgf\u00e4ltig optimiert, um au\u00dfergew\u00f6hnliches Wachstum und leuchtende Farben zu f\u00f6rdern, insbesondere in Kombination mit Weich-, Leder- und Steinkorallen.<\/p>\n<p>Corall C enth\u00e4lt insbesondere <strong>Fluor<\/strong>, <strong>Jod<\/strong>, <strong>Bor<\/strong> und <strong>Molybd\u00e4n<\/strong>. Der Inhalt betr\u00e4gt 500 ml.<\/p>\n<p><strong>Empfohlene Dosierung:<\/strong> Maximal 10 ml pro 100 Liter Aquarienwasser pro Woche.<\/p>\n","protected":false},"excerpt":{"rendered":"<p>Grotech Corall C 500ml contains fluorine, iodine, boron, molybdenum<\/p>\n","protected":false},"featured_media":76829,"template":"","meta":[],"pwb-brand":[2135],"product_cat":[1391],"product_tag":[],"class_list":{"0":"post-88886","1":"product","2":"type-product","3":"status-publish","4":"has-post-thumbnail","6":"pwb-brand-grotech","7":"product_cat-ergaenzungen","9":"first","10":"instock","11":"taxable","12":"shipping-taxable","13":"purchasable","14":"product-type-simple"},"acf":[],"brands":[{"id":2135,"name":"Grotech","slug":"grotech"}],"_links":{"self":[{"href":"https:\/\/www.seaflowerstore.com\/de\/wp-json\/wp\/v2\/product\/88886","targetHints":{"allow":["GET"]}}],"collection":[{"href":"https:\/\/www.seaflowerstore.com\/de\/wp-json\/wp\/v2\/product"}],"about":[{"href":"https:\/\/www.seaflowerstore.com\/de\/wp-json\/wp\/v2\/types\/product"}],"wp:featuredmedia":[{"embeddable":true,"href":"https:\/\/www.seaflowerstore.com\/de\/wp-json\/wp\/v2\/media\/76829"}],"wp:attachment":[{"href":"https:\/\/www.seaflowerstore.com\/de\/wp-json\/wp\/v2\/media?parent=88886"}],"wp:term":[{"taxonomy":"pwb-brand","embeddable":true,"href":"https:\/\/www.seaflowerstore.com\/de\/wp-json\/wp\/v2\/pwb-brand?post=88886"},{"taxonomy":"product_cat","embeddable":true,"href":"https:\/\/www.seaflowerstore.com\/de\/wp-json\/wp\/v2\/product_cat?post=88886"},{"taxonomy":"product_tag","embeddable":true,"href":"https:\/\/www.seaflowerstore.com\/de\/wp-json\/wp\/v2\/product_tag?post=88886"}],"curies":[{"name":"wp","href":"https:\/\/api.w.org\/{rel}","templated":true}]}}