{"id":88906,"date":"2011-04-27T14:05:20","date_gmt":"2011-04-27T12:05:20","guid":{"rendered":"https:\/\/www.seaflowerstore.com\/nl\/salifert-nitrate-test-kit\/"},"modified":"2024-03-20T16:11:46","modified_gmt":"2024-03-20T15:11:46","slug":"salifert-nitrate-test-kit","status":"publish","type":"product","link":"https:\/\/www.seaflowerstore.com\/de\/salifert-nitrate-test-kit\/","title":{"rendered":"Salifert Nitrate Test Kit"},"content":{"rendered":"<h2>Salifert Nitrate Test Kit for measuring the amount of nitrate in the seawater<\/h2>\n<p>Nitrat kann in hohen Konzentrationen sch\u00e4dlich f\u00fcr das Leben im Wasser sein. Es kann zu Algenbl\u00fcten f\u00fchren und das Korallenwachstum behindern. Idealerweise sollte der Nitratgehalt zwischen 1 und 5 mg\/l liegen.<\/p>\n<p>Dieses Testkit ist f\u00fcr die Messung eines breiten Spektrums an Nitratwerten konzipiert, von sehr niedrigen Werten von 0,2 mg\/l bis hin zu hohen Werten von 100 mg\/l. Mit diesem Kit k\u00f6nnen Sie bis zu 50 Tests durchf\u00fchren, was es zu einer praktischen Wahl f\u00fcr die laufende \u00dcberwachung macht.<\/p>\n<p><strong>(Empfohlen f\u00fcr die DSR-Methode)<\/strong><\/p>\n","protected":false},"excerpt":{"rendered":"<p>Salifert Nitrate test is sufficient for 50 accurate nitrate tests in a saltwater aquarium<\/p>\n","protected":false},"featured_media":76787,"template":"","meta":[],"pwb-brand":[2141],"product_cat":[1400,1533,1675],"product_tag":[],"class_list":{"0":"post-88906","1":"product","2":"type-product","3":"status-publish","4":"has-post-thumbnail","6":"pwb-brand-salifert","7":"product_cat-tester","8":"product_cat-dsr-empfohlen","9":"product_cat-salifert-de","11":"first","12":"instock","13":"taxable","14":"shipping-taxable","15":"purchasable","16":"product-type-simple"},"acf":[],"brands":[{"id":2141,"name":"Salifert","slug":"salifert"}],"_links":{"self":[{"href":"https:\/\/www.seaflowerstore.com\/de\/wp-json\/wp\/v2\/product\/88906","targetHints":{"allow":["GET"]}}],"collection":[{"href":"https:\/\/www.seaflowerstore.com\/de\/wp-json\/wp\/v2\/product"}],"about":[{"href":"https:\/\/www.seaflowerstore.com\/de\/wp-json\/wp\/v2\/types\/product"}],"wp:featuredmedia":[{"embeddable":true,"href":"https:\/\/www.seaflowerstore.com\/de\/wp-json\/wp\/v2\/media\/76787"}],"wp:attachment":[{"href":"https:\/\/www.seaflowerstore.com\/de\/wp-json\/wp\/v2\/media?parent=88906"}],"wp:term":[{"taxonomy":"pwb-brand","embeddable":true,"href":"https:\/\/www.seaflowerstore.com\/de\/wp-json\/wp\/v2\/pwb-brand?post=88906"},{"taxonomy":"product_cat","embeddable":true,"href":"https:\/\/www.seaflowerstore.com\/de\/wp-json\/wp\/v2\/product_cat?post=88906"},{"taxonomy":"product_tag","embeddable":true,"href":"https:\/\/www.seaflowerstore.com\/de\/wp-json\/wp\/v2\/product_tag?post=88906"}],"curies":[{"name":"wp","href":"https:\/\/api.w.org\/{rel}","templated":true}]}}