{"id":88911,"date":"2011-04-27T14:01:21","date_gmt":"2011-04-27T12:01:21","guid":{"rendered":"https:\/\/www.seaflowerstore.com\/nl\/salifert-magnesium-test-kit\/"},"modified":"2025-04-27T00:31:02","modified_gmt":"2025-04-26T22:31:02","slug":"salifert-magnesium-test-kit","status":"publish","type":"product","link":"https:\/\/www.seaflowerstore.com\/de\/salifert-magnesium-test-kit\/","title":{"rendered":"Salifert Magnesium Test Kit"},"content":{"rendered":"<h2>Salifert Magnesium Test Kit for measuring the magnesium level in seawater<\/h2>\n<p>Mit dem Magnesium-Testkit k\u00f6nnen bis zu 50 Tests durchgef\u00fchrt werden. Dieser Test liefert pr\u00e4zise Messungen durch eine Farb\u00e4nderung w\u00e4hrend des Vorgangs. Wenn Sie Ihr Wasser testen, ist es ratsam, mit dem Magnesiumtest zu beginnen. Wenn der Magnesiumspiegel deutlich niedrig ist, ist die Zugabe anderer Substanzen wie Kalzium m\u00f6glicherweise nicht sinnvoll, wenn dieser Wert ebenfalls niedrig ist. Niedrige Magnesiumspiegel k\u00f6nnen die Kalziumaufnahme im Wasser behindern und zu Ausf\u00e4llungen f\u00fchren.<\/p>\n<p><strong style=\"font-size: small\">(Empfohlen f\u00fcr die DSR-Methode)<\/strong><\/p>\n","protected":false},"excerpt":{"rendered":"<p>Salifert Profi Magnesium Test Kit for measuring the magnesium level in seawater<\/p>\n","protected":false},"featured_media":76778,"template":"","meta":[],"pwb-brand":[2141],"product_cat":[1400,1533,1675],"product_tag":[],"class_list":{"0":"post-88911","1":"product","2":"type-product","3":"status-publish","4":"has-post-thumbnail","6":"pwb-brand-salifert","7":"product_cat-tester","8":"product_cat-dsr-empfohlen","9":"product_cat-salifert-de","11":"first","12":"outofstock","13":"taxable","14":"shipping-taxable","15":"purchasable","16":"product-type-simple"},"acf":[],"brands":[{"id":2141,"name":"Salifert","slug":"salifert"}],"_links":{"self":[{"href":"https:\/\/www.seaflowerstore.com\/de\/wp-json\/wp\/v2\/product\/88911","targetHints":{"allow":["GET"]}}],"collection":[{"href":"https:\/\/www.seaflowerstore.com\/de\/wp-json\/wp\/v2\/product"}],"about":[{"href":"https:\/\/www.seaflowerstore.com\/de\/wp-json\/wp\/v2\/types\/product"}],"wp:featuredmedia":[{"embeddable":true,"href":"https:\/\/www.seaflowerstore.com\/de\/wp-json\/wp\/v2\/media\/76778"}],"wp:attachment":[{"href":"https:\/\/www.seaflowerstore.com\/de\/wp-json\/wp\/v2\/media?parent=88911"}],"wp:term":[{"taxonomy":"pwb-brand","embeddable":true,"href":"https:\/\/www.seaflowerstore.com\/de\/wp-json\/wp\/v2\/pwb-brand?post=88911"},{"taxonomy":"product_cat","embeddable":true,"href":"https:\/\/www.seaflowerstore.com\/de\/wp-json\/wp\/v2\/product_cat?post=88911"},{"taxonomy":"product_tag","embeddable":true,"href":"https:\/\/www.seaflowerstore.com\/de\/wp-json\/wp\/v2\/product_tag?post=88911"}],"curies":[{"name":"wp","href":"https:\/\/api.w.org\/{rel}","templated":true}]}}