{"id":88914,"date":"2011-04-27T13:49:59","date_gmt":"2011-04-27T11:49:59","guid":{"rendered":"https:\/\/www.seaflowerstore.com\/nl\/salifert-copper-test-kit\/"},"modified":"2024-03-20T16:11:34","modified_gmt":"2024-03-20T15:11:34","slug":"salifert-copper-test-kit","status":"publish","type":"product","link":"https:\/\/www.seaflowerstore.com\/de\/salifert-copper-test-kit\/","title":{"rendered":"Salifert Copper Test Kit"},"content":{"rendered":"<h2>Salifert Copper Test Kit Measure concentrations of 0.05 &#8211; 2.0 mg \/ L and is sufficient for 50 tests in a saltwater aquarium<\/h2>\n<p>Wenn Sie Fische aufgrund einer Krankheit mit Kupfer behandeln, ist es wichtig, die richtige Kupferkonzentration beizubehalten. Zu viel Kupfer kann f\u00fcr Ihre Fische sch\u00e4dlich sein, w\u00e4hrend zu wenig m\u00f6glicherweise nicht wirksam ist.<\/p>\n<p>Das Salifert-Kupfertestkit misst Konzentrationen von <strong>0,05 bis 2,0 mg\/l<\/strong> und bietet genug f\u00fcr <strong>50 Tests<\/strong>.<\/p>\n","protected":false},"excerpt":{"rendered":"<p>Salifert Copper Test Measure concentrations of 0.05 &#8211; 2.0 mg \/ L and is sufficient for 50 tests in a saltwater aquarium<\/p>\n","protected":false},"featured_media":76773,"template":"","meta":[],"pwb-brand":[2141],"product_cat":[1400,1675],"product_tag":[],"class_list":{"0":"post-88914","1":"product","2":"type-product","3":"status-publish","4":"has-post-thumbnail","6":"pwb-brand-salifert","7":"product_cat-tester","8":"product_cat-salifert-de","10":"first","11":"instock","12":"taxable","13":"shipping-taxable","14":"purchasable","15":"product-type-simple"},"acf":[],"brands":[{"id":2141,"name":"Salifert","slug":"salifert"}],"_links":{"self":[{"href":"https:\/\/www.seaflowerstore.com\/de\/wp-json\/wp\/v2\/product\/88914","targetHints":{"allow":["GET"]}}],"collection":[{"href":"https:\/\/www.seaflowerstore.com\/de\/wp-json\/wp\/v2\/product"}],"about":[{"href":"https:\/\/www.seaflowerstore.com\/de\/wp-json\/wp\/v2\/types\/product"}],"wp:featuredmedia":[{"embeddable":true,"href":"https:\/\/www.seaflowerstore.com\/de\/wp-json\/wp\/v2\/media\/76773"}],"wp:attachment":[{"href":"https:\/\/www.seaflowerstore.com\/de\/wp-json\/wp\/v2\/media?parent=88914"}],"wp:term":[{"taxonomy":"pwb-brand","embeddable":true,"href":"https:\/\/www.seaflowerstore.com\/de\/wp-json\/wp\/v2\/pwb-brand?post=88914"},{"taxonomy":"product_cat","embeddable":true,"href":"https:\/\/www.seaflowerstore.com\/de\/wp-json\/wp\/v2\/product_cat?post=88914"},{"taxonomy":"product_tag","embeddable":true,"href":"https:\/\/www.seaflowerstore.com\/de\/wp-json\/wp\/v2\/product_tag?post=88914"}],"curies":[{"name":"wp","href":"https:\/\/api.w.org\/{rel}","templated":true}]}}