{"id":88915,"date":"2011-04-27T13:49:26","date_gmt":"2011-04-27T11:49:26","guid":{"rendered":"https:\/\/www.seaflowerstore.com\/nl\/salifert-nitrite-test-kit\/"},"modified":"2024-03-20T16:11:32","modified_gmt":"2024-03-20T15:11:32","slug":"salifert-nitrite-test-kit","status":"publish","type":"product","link":"https:\/\/www.seaflowerstore.com\/de\/salifert-nitrite-test-kit\/","title":{"rendered":"Salifert Nitrite Test Kit"},"content":{"rendered":"<h2>Salifert Nitrite Test Kit for measuring the nitrite value (NO2) in seawater<\/h2>\n<p>Nitrit ist f\u00fcr Fische und andere Wasserlebewesen sehr sch\u00e4dlich und muss daher von den Filterbakterien unverz\u00fcglich in Nitrat umgewandelt werden. Dieser unkomplizierte Test bietet einen niedrigen Messbereich von <strong>0,002 &#8211; 0,12 mg\/L<\/strong> und einen h\u00f6heren Bereich von <strong>0,02 &#8211; 1,2 mg\/L<\/strong>.<\/p>\n","protected":false},"excerpt":{"rendered":"<p>Salifert Nitrite Test Kit for measuring the nitrite value (NO2) in seawater<\/p>\n","protected":false},"featured_media":83104,"template":"","meta":[],"pwb-brand":[2141],"product_cat":[1400,1675],"product_tag":[],"class_list":{"0":"post-88915","1":"product","2":"type-product","3":"status-publish","4":"has-post-thumbnail","6":"pwb-brand-salifert","7":"product_cat-tester","8":"product_cat-salifert-de","10":"first","11":"instock","12":"sale","13":"taxable","14":"shipping-taxable","15":"purchasable","16":"product-type-simple"},"acf":[],"brands":[{"id":2141,"name":"Salifert","slug":"salifert"}],"_links":{"self":[{"href":"https:\/\/www.seaflowerstore.com\/de\/wp-json\/wp\/v2\/product\/88915","targetHints":{"allow":["GET"]}}],"collection":[{"href":"https:\/\/www.seaflowerstore.com\/de\/wp-json\/wp\/v2\/product"}],"about":[{"href":"https:\/\/www.seaflowerstore.com\/de\/wp-json\/wp\/v2\/types\/product"}],"wp:featuredmedia":[{"embeddable":true,"href":"https:\/\/www.seaflowerstore.com\/de\/wp-json\/wp\/v2\/media\/83104"}],"wp:attachment":[{"href":"https:\/\/www.seaflowerstore.com\/de\/wp-json\/wp\/v2\/media?parent=88915"}],"wp:term":[{"taxonomy":"pwb-brand","embeddable":true,"href":"https:\/\/www.seaflowerstore.com\/de\/wp-json\/wp\/v2\/pwb-brand?post=88915"},{"taxonomy":"product_cat","embeddable":true,"href":"https:\/\/www.seaflowerstore.com\/de\/wp-json\/wp\/v2\/product_cat?post=88915"},{"taxonomy":"product_tag","embeddable":true,"href":"https:\/\/www.seaflowerstore.com\/de\/wp-json\/wp\/v2\/product_tag?post=88915"}],"curies":[{"name":"wp","href":"https:\/\/api.w.org\/{rel}","templated":true}]}}