{"id":88917,"date":"2011-04-27T10:25:58","date_gmt":"2011-04-27T08:25:58","guid":{"rendered":"https:\/\/www.seaflowerstore.com\/nl\/465mv-redox-reference-fluid-50ml\/"},"modified":"2024-03-20T16:11:29","modified_gmt":"2024-03-20T15:11:29","slug":"465mv-redox-reference-fluid-50ml","status":"publish","type":"product","link":"https:\/\/www.seaflowerstore.com\/de\/465mv-redox-reference-fluid-50ml\/","title":{"rendered":"465mV Redox reference fluid (50ml)"},"content":{"rendered":"<h2>Calibration fluid 465mV Redox<\/h2>\n<p>Die Kalibrierl\u00f6sung bei 465 mV ist f\u00fcr die genaue Kalibrierung Ihrer Redoxelektrode (ORP) unerl\u00e4sslich.<\/p>\n<p>Diese spezielle L\u00f6sung ist besonders wirksam f\u00fcr die Kalibrierung von Redoxelektroden, die sowohl in S\u00fc\u00dfwasser- als auch in Meerwasseraquarien verwendet werden.<\/p>\n<p>Das Produkt wird ordentlich verpackt in einer praktischen 50-ml-Flasche geliefert.<\/p>\n","protected":false},"excerpt":{"rendered":"<p>The reference liquid of 465 mV Redox makes it possible to correctly calibrate the Redox electrode (ORP)<\/p>\n","protected":false},"featured_media":83143,"template":"","meta":[],"pwb-brand":[2205],"product_cat":[1399,1500],"product_tag":[],"class_list":{"0":"post-88917","1":"product","2":"type-product","3":"status-publish","4":"has-post-thumbnail","6":"pwb-brand-aquatronica","7":"product_cat-referenz-fluessigkeiten","8":"product_cat-referenzfluessigkeiten","10":"first","11":"outofstock","12":"taxable","13":"shipping-taxable","14":"purchasable","15":"product-type-simple"},"acf":[],"brands":[{"id":2205,"name":"Aquatronica","slug":"aquatronica"}],"_links":{"self":[{"href":"https:\/\/www.seaflowerstore.com\/de\/wp-json\/wp\/v2\/product\/88917","targetHints":{"allow":["GET"]}}],"collection":[{"href":"https:\/\/www.seaflowerstore.com\/de\/wp-json\/wp\/v2\/product"}],"about":[{"href":"https:\/\/www.seaflowerstore.com\/de\/wp-json\/wp\/v2\/types\/product"}],"wp:featuredmedia":[{"embeddable":true,"href":"https:\/\/www.seaflowerstore.com\/de\/wp-json\/wp\/v2\/media\/83143"}],"wp:attachment":[{"href":"https:\/\/www.seaflowerstore.com\/de\/wp-json\/wp\/v2\/media?parent=88917"}],"wp:term":[{"taxonomy":"pwb-brand","embeddable":true,"href":"https:\/\/www.seaflowerstore.com\/de\/wp-json\/wp\/v2\/pwb-brand?post=88917"},{"taxonomy":"product_cat","embeddable":true,"href":"https:\/\/www.seaflowerstore.com\/de\/wp-json\/wp\/v2\/product_cat?post=88917"},{"taxonomy":"product_tag","embeddable":true,"href":"https:\/\/www.seaflowerstore.com\/de\/wp-json\/wp\/v2\/product_tag?post=88917"}],"curies":[{"name":"wp","href":"https:\/\/api.w.org\/{rel}","templated":true}]}}