{"id":88944,"date":"2011-04-26T18:46:57","date_gmt":"2011-04-26T16:46:57","guid":{"rendered":"https:\/\/www.seaflowerstore.com\/nl\/osmose-tubing-10-mtr-blue\/"},"modified":"2025-04-18T17:17:05","modified_gmt":"2025-04-18T15:17:05","slug":"osmoseschlauch-10-mtr-blue","status":"publish","type":"product","link":"https:\/\/www.seaflowerstore.com\/de\/osmoseschlauch-10-mtr-blue\/","title":{"rendered":"Osmoseschlauch 10 mtr. blue"},"content":{"rendered":"<h2>Osmose tubing per 10 m blue<\/h2>\n<p>Der Osmoseschlauch hat einen Durchmesser von 1\/4 Zoll, was der Standardgr\u00f6\u00dfe f\u00fcr Osmoseschl\u00e4uche entspricht. Er ist in L\u00e4ngen von 10 Metern erh\u00e4ltlich.<\/p>\n<p>Wenn Sie mehrere bestellen m\u00f6chten, beachten Sie bitte, dass Sie mehrere Einzelst\u00fccke \u00e0 10 Meter erhalten.<\/p>\n<p><strong>F\u00fcr Preise pro Meter erfragen Sie bitte die aktuellen Tarife.<\/strong><\/p>\n","protected":false},"excerpt":{"rendered":"<p>Preis pro 10 Meter 1\/4&#8243; Osmoseschlauch blau (Mehrere Mengen bestellen -&gt; mehrere Einzelst\u00fccke \u00e0 10m)<\/p>\n","protected":false},"featured_media":76700,"template":"","meta":[],"pwb-brand":[2161],"product_cat":[1642],"product_tag":[],"class_list":{"0":"post-88944","1":"product","2":"type-product","3":"status-publish","4":"has-post-thumbnail","6":"pwb-brand-seaflower","7":"product_cat-schlangen","9":"first","10":"outofstock","11":"taxable","12":"shipping-taxable","13":"purchasable","14":"product-type-simple"},"acf":[],"brands":[{"id":2161,"name":"Seaflower","slug":"seaflower"}],"_links":{"self":[{"href":"https:\/\/www.seaflowerstore.com\/de\/wp-json\/wp\/v2\/product\/88944","targetHints":{"allow":["GET"]}}],"collection":[{"href":"https:\/\/www.seaflowerstore.com\/de\/wp-json\/wp\/v2\/product"}],"about":[{"href":"https:\/\/www.seaflowerstore.com\/de\/wp-json\/wp\/v2\/types\/product"}],"wp:featuredmedia":[{"embeddable":true,"href":"https:\/\/www.seaflowerstore.com\/de\/wp-json\/wp\/v2\/media\/76700"}],"wp:attachment":[{"href":"https:\/\/www.seaflowerstore.com\/de\/wp-json\/wp\/v2\/media?parent=88944"}],"wp:term":[{"taxonomy":"pwb-brand","embeddable":true,"href":"https:\/\/www.seaflowerstore.com\/de\/wp-json\/wp\/v2\/pwb-brand?post=88944"},{"taxonomy":"product_cat","embeddable":true,"href":"https:\/\/www.seaflowerstore.com\/de\/wp-json\/wp\/v2\/product_cat?post=88944"},{"taxonomy":"product_tag","embeddable":true,"href":"https:\/\/www.seaflowerstore.com\/de\/wp-json\/wp\/v2\/product_tag?post=88944"}],"curies":[{"name":"wp","href":"https:\/\/api.w.org\/{rel}","templated":true}]}}