{"id":88945,"date":"2011-04-26T18:46:11","date_gmt":"2011-04-26T16:46:11","guid":{"rendered":"https:\/\/www.seaflowerstore.com\/nl\/osmosis-tubing-10-mtr-red\/"},"modified":"2025-04-18T17:35:39","modified_gmt":"2025-04-18T15:35:39","slug":"osmoseschlauch-10-mtr-orange","status":"publish","type":"product","link":"https:\/\/www.seaflowerstore.com\/de\/osmoseschlauch-10-mtr-orange\/","title":{"rendered":"Osmoseschlauch 10 mtr. orange"},"content":{"rendered":"<h2>Osmoseschlauch 10 mtr.\u00a0<span class=\"Y2IQFc\" lang=\"de\">orange<\/span><\/h2>\n<p>Der Osmoseschlauch hat einen Durchmesser von 1\/4 Zoll, was der Standardgr\u00f6\u00dfe f\u00fcr Osmoseschl\u00e4uche entspricht. Er ist in praktischen L\u00e4ngen von 10 Metern erh\u00e4ltlich. Wenn Sie mehr als ein St\u00fcck ben\u00f6tigen, k\u00f6nnen Sie gerne mehrere Mengen bestellen und Sie erhalten einzelne St\u00fccke von jeweils 10 Metern.<\/p>\n","protected":false},"excerpt":{"rendered":"<p>Price per 10 meter 1\/4 &#8222;osmosis hose red (Order multiple quantities -&gt; multiple individual pieces of 10m)<\/p>\n","protected":false},"featured_media":125990,"template":"","meta":[],"pwb-brand":[2161],"product_cat":[1642],"product_tag":[],"class_list":{"0":"post-88945","1":"product","2":"type-product","3":"status-publish","4":"has-post-thumbnail","6":"pwb-brand-seaflower","7":"product_cat-schlangen","9":"first","10":"outofstock","11":"taxable","12":"shipping-taxable","13":"purchasable","14":"product-type-simple"},"acf":[],"brands":[{"id":2161,"name":"Seaflower","slug":"seaflower"}],"_links":{"self":[{"href":"https:\/\/www.seaflowerstore.com\/de\/wp-json\/wp\/v2\/product\/88945","targetHints":{"allow":["GET"]}}],"collection":[{"href":"https:\/\/www.seaflowerstore.com\/de\/wp-json\/wp\/v2\/product"}],"about":[{"href":"https:\/\/www.seaflowerstore.com\/de\/wp-json\/wp\/v2\/types\/product"}],"wp:featuredmedia":[{"embeddable":true,"href":"https:\/\/www.seaflowerstore.com\/de\/wp-json\/wp\/v2\/media\/125990"}],"wp:attachment":[{"href":"https:\/\/www.seaflowerstore.com\/de\/wp-json\/wp\/v2\/media?parent=88945"}],"wp:term":[{"taxonomy":"pwb-brand","embeddable":true,"href":"https:\/\/www.seaflowerstore.com\/de\/wp-json\/wp\/v2\/pwb-brand?post=88945"},{"taxonomy":"product_cat","embeddable":true,"href":"https:\/\/www.seaflowerstore.com\/de\/wp-json\/wp\/v2\/product_cat?post=88945"},{"taxonomy":"product_tag","embeddable":true,"href":"https:\/\/www.seaflowerstore.com\/de\/wp-json\/wp\/v2\/product_tag?post=88945"}],"curies":[{"name":"wp","href":"https:\/\/api.w.org\/{rel}","templated":true}]}}