{"id":88946,"date":"2011-04-26T18:45:25","date_gmt":"2011-04-26T16:45:25","guid":{"rendered":"https:\/\/www.seaflowerstore.com\/nl\/osmosis-tubing-10-mtr-white\/"},"modified":"2025-04-18T17:27:34","modified_gmt":"2025-04-18T15:27:34","slug":"osmoseschlauch-10-mtr-white","status":"publish","type":"product","link":"https:\/\/www.seaflowerstore.com\/de\/osmoseschlauch-10-mtr-white\/","title":{"rendered":"Osmoseschlauch 10 mtr. white"},"content":{"rendered":"<h2>Osmoseschlauch per 10 m white<\/h2>\n<p>Unseren Osmoseschlauch mit einem Durchmesser von 1\/4 Zoll (der Standardgr\u00f6\u00dfe f\u00fcr Osmoseschl\u00e4uche) gibt es in praktischen L\u00e4ngen von 10 Metern. Wenn Sie mehr als eine L\u00e4nge ben\u00f6tigen, bestellen Sie einfach mehrere Mengen und Sie erhalten einzelne St\u00fccke von jeweils 10 Metern.<\/p>\n","protected":false},"excerpt":{"rendered":"<p>Osmosis tubing Price per 10 meter 1\/4 &#8222;osmosis hose (Order multiple quantities -&gt; multiple individual pieces of 10m)<\/p>\n","protected":false},"featured_media":125986,"template":"","meta":[],"pwb-brand":[2161],"product_cat":[1642],"product_tag":[],"class_list":{"0":"post-88946","1":"product","2":"type-product","3":"status-publish","4":"has-post-thumbnail","6":"pwb-brand-seaflower","7":"product_cat-schlangen","9":"first","10":"outofstock","11":"taxable","12":"shipping-taxable","13":"purchasable","14":"product-type-simple"},"acf":[],"brands":[{"id":2161,"name":"Seaflower","slug":"seaflower"}],"_links":{"self":[{"href":"https:\/\/www.seaflowerstore.com\/de\/wp-json\/wp\/v2\/product\/88946","targetHints":{"allow":["GET"]}}],"collection":[{"href":"https:\/\/www.seaflowerstore.com\/de\/wp-json\/wp\/v2\/product"}],"about":[{"href":"https:\/\/www.seaflowerstore.com\/de\/wp-json\/wp\/v2\/types\/product"}],"wp:featuredmedia":[{"embeddable":true,"href":"https:\/\/www.seaflowerstore.com\/de\/wp-json\/wp\/v2\/media\/125986"}],"wp:attachment":[{"href":"https:\/\/www.seaflowerstore.com\/de\/wp-json\/wp\/v2\/media?parent=88946"}],"wp:term":[{"taxonomy":"pwb-brand","embeddable":true,"href":"https:\/\/www.seaflowerstore.com\/de\/wp-json\/wp\/v2\/pwb-brand?post=88946"},{"taxonomy":"product_cat","embeddable":true,"href":"https:\/\/www.seaflowerstore.com\/de\/wp-json\/wp\/v2\/product_cat?post=88946"},{"taxonomy":"product_tag","embeddable":true,"href":"https:\/\/www.seaflowerstore.com\/de\/wp-json\/wp\/v2\/product_tag?post=88946"}],"curies":[{"name":"wp","href":"https:\/\/api.w.org\/{rel}","templated":true}]}}