{"id":88970,"date":"2011-04-26T18:11:24","date_gmt":"2011-04-26T16:11:24","guid":{"rendered":"https:\/\/www.seaflowerstore.com\/nl\/feeder-pipette-32cm-10ml\/"},"modified":"2024-03-20T16:11:01","modified_gmt":"2024-03-20T15:11:01","slug":"feeder-pipette-32cm-10ml","status":"publish","type":"product","link":"https:\/\/www.seaflowerstore.com\/de\/feeder-pipette-32cm-10ml\/","title":{"rendered":"Feeder pipette 32cm, 10ml"},"content":{"rendered":"<h2>Feeder pipette 32 cm, 10 ml, you can easily and precisely dose your corals, shrimps, shy animals, juveniles, etc<\/h2>\n<p>Mit dieser Futterpipette aus Kunststoff k\u00f6nnen Sie Ihren Korallen, Garnelen, scheuen Tieren, Jungtieren und mehr ganz einfach und pr\u00e4zise Futter zuf\u00fchren. Sie k\u00f6nnen ein kleines Futterpellet m\u00fchelos genau dort platzieren, wo es ben\u00f6tigt wird. Die Dosierung erfolgt sehr sanft und ohne Schockwirkung, sodass Ihre Tiere nicht erschrecken.<\/p>\n<p><strong>Spezifikationen:<\/strong><\/p>\n<ul>\n<li>L\u00e4nge: 32 cm<\/li>\n<li>Dicke: 1 cm<\/li>\n<\/ul>\n","protected":false},"excerpt":{"rendered":"<p>With this large plastic feeder pipette, you can easily and accurately dose your corals, shrimps, cheeses, young breads, etc.<\/p>\n","protected":false},"featured_media":76647,"template":"","meta":[],"pwb-brand":[2161],"product_cat":[1431,1402],"product_tag":[],"class_list":{"0":"post-88970","1":"product","2":"type-product","3":"status-publish","4":"has-post-thumbnail","6":"pwb-brand-seaflower","7":"product_cat-nuetzliche-artikel","8":"product_cat-verschieden","10":"first","11":"outofstock","12":"taxable","13":"shipping-taxable","14":"purchasable","15":"product-type-simple"},"acf":[],"brands":[{"id":2161,"name":"Seaflower","slug":"seaflower"}],"_links":{"self":[{"href":"https:\/\/www.seaflowerstore.com\/de\/wp-json\/wp\/v2\/product\/88970","targetHints":{"allow":["GET"]}}],"collection":[{"href":"https:\/\/www.seaflowerstore.com\/de\/wp-json\/wp\/v2\/product"}],"about":[{"href":"https:\/\/www.seaflowerstore.com\/de\/wp-json\/wp\/v2\/types\/product"}],"wp:featuredmedia":[{"embeddable":true,"href":"https:\/\/www.seaflowerstore.com\/de\/wp-json\/wp\/v2\/media\/76647"}],"wp:attachment":[{"href":"https:\/\/www.seaflowerstore.com\/de\/wp-json\/wp\/v2\/media?parent=88970"}],"wp:term":[{"taxonomy":"pwb-brand","embeddable":true,"href":"https:\/\/www.seaflowerstore.com\/de\/wp-json\/wp\/v2\/pwb-brand?post=88970"},{"taxonomy":"product_cat","embeddable":true,"href":"https:\/\/www.seaflowerstore.com\/de\/wp-json\/wp\/v2\/product_cat?post=88970"},{"taxonomy":"product_tag","embeddable":true,"href":"https:\/\/www.seaflowerstore.com\/de\/wp-json\/wp\/v2\/product_tag?post=88970"}],"curies":[{"name":"wp","href":"https:\/\/api.w.org\/{rel}","templated":true}]}}