{"id":88988,"date":"2011-04-25T13:18:37","date_gmt":"2011-04-25T11:18:37","guid":{"rendered":"https:\/\/www.seaflowerstore.com\/nl\/red-sea-reef-guide-debelius\/"},"modified":"2024-03-20T16:10:51","modified_gmt":"2024-03-20T15:10:51","slug":"red-sea-reef-guide-debelius","status":"publish","type":"product","link":"https:\/\/www.seaflowerstore.com\/de\/red-sea-reef-guide-debelius\/","title":{"rendered":"Red Sea Reef Guide &#8211; Debelius"},"content":{"rendered":"<h2>Debelius Red Sea Reef Guide<\/h2>\n<p>Mit mehr als 1000 atemberaubenden Fotos bietet dieses attraktive Hardcover-Buch klare Beschreibungen des Meereslebens und der \u00d6kologie des Roten Meeres. Es ist einfach zu verwenden, fundiert und voller wichtiger Informationen, was es zu einem Muss f\u00fcr jeden Tauchbegeisterten macht.<\/p>\n<p>Das Rote Meer bietet aufgrund seiner nahezu isolierten Lage in der N\u00e4he des Indischen Ozeans eine einzigartige Vielfalt an Fauna, was es zu einem der faszinierendsten Tauchziele der Welt macht. \u00dcber zehn Prozent seiner Fischarten sind endemisch, was bedeutet, dass sie ausschlie\u00dflich zwischen dem Suezkanal im Norden und dem Tor der Klagelieder (Bab-el-Mandeb) im S\u00fcden zu finden sind.<\/p>\n<p>Als Teil des Indischen Ozeans umgibt das Arabische Meer den Rest der Arabischen Halbinsel. Besonders ansprechend ist die kombinierte Pr\u00e4sentation der Fauna dieser beiden tropischen Meere, illustriert in mehr als 1000 Fotos, die in der nat\u00fcrlichen Umgebung der Tiere aufgenommen wurden.<\/p>\n","protected":false},"excerpt":{"rendered":"<p>Debelius Red Sea Reef Guide &#8211; 320blz With more than 1000 stunning photographs<\/p>\n","protected":false},"featured_media":76612,"template":"","meta":[],"pwb-brand":[2161],"product_cat":[1582],"product_tag":[],"class_list":{"0":"post-88988","1":"product","2":"type-product","3":"status-publish","4":"has-post-thumbnail","6":"pwb-brand-seaflower","7":"product_cat-buecher","9":"first","10":"instock","11":"taxable","12":"shipping-taxable","13":"purchasable","14":"product-type-simple"},"acf":[],"brands":[{"id":2161,"name":"Seaflower","slug":"seaflower"}],"_links":{"self":[{"href":"https:\/\/www.seaflowerstore.com\/de\/wp-json\/wp\/v2\/product\/88988","targetHints":{"allow":["GET"]}}],"collection":[{"href":"https:\/\/www.seaflowerstore.com\/de\/wp-json\/wp\/v2\/product"}],"about":[{"href":"https:\/\/www.seaflowerstore.com\/de\/wp-json\/wp\/v2\/types\/product"}],"wp:featuredmedia":[{"embeddable":true,"href":"https:\/\/www.seaflowerstore.com\/de\/wp-json\/wp\/v2\/media\/76612"}],"wp:attachment":[{"href":"https:\/\/www.seaflowerstore.com\/de\/wp-json\/wp\/v2\/media?parent=88988"}],"wp:term":[{"taxonomy":"pwb-brand","embeddable":true,"href":"https:\/\/www.seaflowerstore.com\/de\/wp-json\/wp\/v2\/pwb-brand?post=88988"},{"taxonomy":"product_cat","embeddable":true,"href":"https:\/\/www.seaflowerstore.com\/de\/wp-json\/wp\/v2\/product_cat?post=88988"},{"taxonomy":"product_tag","embeddable":true,"href":"https:\/\/www.seaflowerstore.com\/de\/wp-json\/wp\/v2\/product_tag?post=88988"}],"curies":[{"name":"wp","href":"https:\/\/api.w.org\/{rel}","templated":true}]}}