{"id":89008,"date":"2011-04-02T18:27:21","date_gmt":"2011-04-02T16:27:21","guid":{"rendered":"https:\/\/www.seaflowerstore.com\/nl\/red-sea-salt-20-kg\/"},"modified":"2024-03-20T16:10:48","modified_gmt":"2024-03-20T15:10:48","slug":"red-sea-salt-20-kg","status":"publish","type":"product","link":"https:\/\/www.seaflowerstore.com\/de\/red-sea-salt-20-kg\/","title":{"rendered":"Red Sea Salt 20 kg"},"content":{"rendered":"<h2>Red Sea Salt 20 kg box suitable to make 600 liter seawater<\/h2>\n<p>Red Sea Salt wurde speziell entwickelt, um die idealen Bedingungen tropischen Riffwassers nachzubilden und zeichnet sich durch eine leicht erh\u00f6hte Alkalit\u00e4t aus, die f\u00fcr ein geschlossenes Meeressystem unabdingbar ist. Dieses Salz ist perfekt f\u00fcr Fisch- und Wirbellosensysteme sowie n\u00e4hrstoffarme Aquarien, in denen Hobbyisten regelm\u00e4\u00dfig einzelne Elemente erg\u00e4nzen.<\/p>\n<ul>\n<li><strong>Vollkommen nat\u00fcrliche<\/strong> umweltfreundliche Gewinnung aus den atemberaubenden Gew\u00e4ssern des Roten Meeres<\/li>\n<li>Biologisch ausgewogene Konzentrationen von Grundelementen<\/li>\n<li>Umfassende Palette von Spurenelementen<\/li>\n<li>Garantierte Parameter f\u00fcr eine 10-Liter-Mischung<\/li>\n<li>Keine Nitrate oder Phosphate, die N\u00e4hrstoffe f\u00fcr Algen sind<\/li>\n<li>Keine toxischen Konzentrationen von Schwermetallen<\/li>\n<li>Keine chemischen Bindemittel<\/li>\n<li>Geringer Feuchtigkeitsgehalt<\/li>\n<\/ul>\n<figure id=\"attachment_92477\" aria-describedby=\"caption-attachment-92477\" style=\"width: 600px\" class=\"wp-caption alignnone\"><img loading=\"lazy\" decoding=\"async\" class=\"size-large wp-image-92477\" src=\"https:\/\/www.seaflowerstore.com\/wp-content\/uploads\/2011\/04\/redsea-salt-compare-600x252.jpg\" alt=\"Rotes Meersalz vergleichen\" width=\"600\" height=\"252\" srcset=\"https:\/\/www.seaflowerstore.com\/wp-content\/uploads\/2011\/04\/redsea-salt-compare-600x252.jpg 600w, https:\/\/www.seaflowerstore.com\/wp-content\/uploads\/2011\/04\/redsea-salt-compare-300x126.jpg 300w, https:\/\/www.seaflowerstore.com\/wp-content\/uploads\/2011\/04\/redsea-salt-compare-150x63.jpg 150w, https:\/\/www.seaflowerstore.com\/wp-content\/uploads\/2011\/04\/redsea-salt-compare-768x323.jpg 768w, https:\/\/www.seaflowerstore.com\/wp-content\/uploads\/2011\/04\/redsea-salt-compare.jpg 1010w\" sizes=\"auto, (max-width: 600px) 100vw, 600px\" \/><figcaption id=\"caption-attachment-92477\" class=\"wp-caption-text\">Rotes Meersalz Vergleich<\/figcaption><\/figure>\n","protected":false},"excerpt":{"rendered":"<p>Red Sea Salt 20 kg box suitable to make 600 liter seawater<\/p>\n","protected":false},"featured_media":83300,"template":"","meta":[],"pwb-brand":[2125],"product_cat":[1404,1443],"product_tag":[],"class_list":{"0":"post-89008","1":"product","2":"type-product","3":"status-publish","4":"has-post-thumbnail","6":"pwb-brand-red-sea","7":"product_cat-redsea-de","8":"product_cat-salzig","9":"pa_inhoud-22-kg-de","11":"first","12":"instock","13":"taxable","14":"shipping-taxable","15":"purchasable","16":"product-type-simple"},"acf":[],"brands":[{"id":2125,"name":"Red Sea","slug":"red-sea"}],"_links":{"self":[{"href":"https:\/\/www.seaflowerstore.com\/de\/wp-json\/wp\/v2\/product\/89008","targetHints":{"allow":["GET"]}}],"collection":[{"href":"https:\/\/www.seaflowerstore.com\/de\/wp-json\/wp\/v2\/product"}],"about":[{"href":"https:\/\/www.seaflowerstore.com\/de\/wp-json\/wp\/v2\/types\/product"}],"wp:featuredmedia":[{"embeddable":true,"href":"https:\/\/www.seaflowerstore.com\/de\/wp-json\/wp\/v2\/media\/83300"}],"wp:attachment":[{"href":"https:\/\/www.seaflowerstore.com\/de\/wp-json\/wp\/v2\/media?parent=89008"}],"wp:term":[{"taxonomy":"pwb-brand","embeddable":true,"href":"https:\/\/www.seaflowerstore.com\/de\/wp-json\/wp\/v2\/pwb-brand?post=89008"},{"taxonomy":"product_cat","embeddable":true,"href":"https:\/\/www.seaflowerstore.com\/de\/wp-json\/wp\/v2\/product_cat?post=89008"},{"taxonomy":"product_tag","embeddable":true,"href":"https:\/\/www.seaflowerstore.com\/de\/wp-json\/wp\/v2\/product_tag?post=89008"}],"curies":[{"name":"wp","href":"https:\/\/api.w.org\/{rel}","templated":true}]}}