{"id":10411,"date":"2015-11-28T17:56:00","date_gmt":"2015-11-28T16:56:00","guid":{"rendered":"https:\/\/www.seaflowerstore.com\/nl\/?product=zeobak-100ml-kz"},"modified":"2025-07-30T10:15:09","modified_gmt":"2025-07-30T08:15:09","slug":"zeobak-100ml-kz","status":"publish","type":"product","link":"https:\/\/www.seaflowerstore.com\/nl\/zeobak-100ml-kz\/","title":{"rendered":"ZEObak -100ml (KZ)"},"content":{"rendered":"<h2>Korallen Zucht ZEObak 100ml bevat verschillende bacteriestammen<\/h2>\n<p><span style=\"font-size: small\">De essenti\u00eble micro-organisme oplossing voor een gezonde, evenwichtige en effici\u00ebnte bacteri\u00eble flora in een aquarium. ZEObak bevat verschillende bacteriestammen, gebruik in combinatie met ZEOfood en ZEOstart voor opbouw van bacteri\u00ebn plankton. Dit wordt opgenomen door koralen. Bevat verschillende bacteriestammen die een keten vormen om zo ongewenste stoffen te verminderen.<\/span><\/p>\n<p><span style=\"font-size: small\">Dosering:<\/span><\/p>\n<p><span style=\"font-size: small\">1. Dosis direct in de tank.<\/span><br \/>\n<span style=\"font-size: small\">2. Indien mogelijk schakel dan de afschuimer voor een korte periode uit.<\/span><br \/>\n<span style=\"font-size: small\">3. Dosis 1 druppel per 100 L een of twee keer per week, afhankelijk van de bezetting in het aquarium.<\/span><\/p>\n<p>&nbsp;<\/p>\n","protected":false},"excerpt":{"rendered":"<p>KorallenZucht ZEObak bevat verschillende bacteriestammen voor het zeewater aquarium<\/p>\n","protected":false},"featured_media":10412,"template":"","meta":[],"pwb-brand":[407],"product_cat":[670],"product_tag":[],"class_list":{"0":"post-10411","1":"product","2":"type-product","3":"status-publish","4":"has-post-thumbnail","6":"pwb-brand-korallen-zucht","7":"product_cat-zoutwater-aquarium-toevoegingen","9":"first","10":"instock","11":"sale","12":"taxable","13":"shipping-taxable","14":"purchasable","15":"product-type-simple"},"acf":[],"brands":[{"id":407,"name":"Korallen Zucht","slug":"korallen-zucht"}],"_links":{"self":[{"href":"https:\/\/www.seaflowerstore.com\/nl\/wp-json\/wp\/v2\/product\/10411","targetHints":{"allow":["GET"]}}],"collection":[{"href":"https:\/\/www.seaflowerstore.com\/nl\/wp-json\/wp\/v2\/product"}],"about":[{"href":"https:\/\/www.seaflowerstore.com\/nl\/wp-json\/wp\/v2\/types\/product"}],"wp:featuredmedia":[{"embeddable":true,"href":"https:\/\/www.seaflowerstore.com\/nl\/wp-json\/wp\/v2\/media\/10412"}],"wp:attachment":[{"href":"https:\/\/www.seaflowerstore.com\/nl\/wp-json\/wp\/v2\/media?parent=10411"}],"wp:term":[{"taxonomy":"pwb-brand","embeddable":true,"href":"https:\/\/www.seaflowerstore.com\/nl\/wp-json\/wp\/v2\/pwb-brand?post=10411"},{"taxonomy":"product_cat","embeddable":true,"href":"https:\/\/www.seaflowerstore.com\/nl\/wp-json\/wp\/v2\/product_cat?post=10411"},{"taxonomy":"product_tag","embeddable":true,"href":"https:\/\/www.seaflowerstore.com\/nl\/wp-json\/wp\/v2\/product_tag?post=10411"}],"curies":[{"name":"wp","href":"https:\/\/api.w.org\/{rel}","templated":true}]}}