{"id":10647,"date":"2016-02-03T18:08:01","date_gmt":"2016-02-03T17:08:01","guid":{"rendered":"https:\/\/www.seaflowerstore.com\/nl\/?product=carbocalcium-1000ml-tm"},"modified":"2025-02-23T13:03:20","modified_gmt":"2025-02-23T12:03:20","slug":"carbocalcium-1000ml-tm","status":"publish","type":"product","link":"https:\/\/www.seaflowerstore.com\/nl\/carbocalcium-1000ml-tm\/","title":{"rendered":"CarboCalcium 1000ml. (TM)"},"content":{"rendered":"<h2><span style=\"font-weight: bold\">Tropic Marin CarboCalcium 1000ml (KH+Ca)<\/span><\/h2>\n<p><span style=\"font-weight: bold\">Kenmerken:<\/span><\/p>\n<p>Ultra geconcentreerd calcium en carbonaathardheid.<\/p>\n<p>Met Tropic Marin CARBO-CALCIUM, kan de totale calcium- en carbonaathardheid behoeften van een typisch rifaquarium voorzien worden met een enkele oplossing, zonder extra ongewenste verbindingen of carbon dioxide gecre\u00eberd wordt.<\/p>\n<p>Mineralen worden verbruikt door de groei van organismen en andere processen in het aquarium en moet daarom regelmatig worden aangevuld. Deze omvatten voornamelijk calcium- en carbonaathardheid elementen voor de groei van de kalkhoudende skeletten van steenachtige koralen, kalk algen en andere rif organismen. De speciale geco\u00f6rdineerde componenten in CARBOCALCIUM bieden uitstekende leefomstandigheden slechts \u00e9\u00e9n oplossing.<\/p>\n<p>Tropic Marin\u00ae CARBOCALCIUM voorkomt alle bijwerkingen van andere methoden van calcium hardheid: de pH blijft stabiel; er is geen overmaat van CO2 en er geen gevaar van ongewenste fosfaten. Bovendien stijgt het zoutgehalte niet.<\/p>\n<h4><strong>Voordelen:<\/strong><br \/>\n\u2022 Voor het eerst is de calcium- en carbonaattoevoer mogelijk met slechts \u00e9\u00e9n oplossing<br \/>\n\u2022 Elke dag is een paar ml sterk geconcentreerde oplossing voldoende om in de volledige calcium- en carbonaathardheid te voorzien<br \/>\n\u2022 Geschikt voor alle aquariummaten<br \/>\n\u2022 Geen vorming van bijproducten (bijv. Natriumchloride); het zoutgehalte en de ionenbalans blijven ongewijzigd<br \/>\n\u2022 Geen vorming van overtollig kooldioxide<br \/>\n\u2022 Geschikt voor een aquarium gevuld met zachte koralen, LPS, SPS en \/ of andere filtervoeders<br \/>\n\u2022 Eenvoudig aan te brengen &#8211; zowel geschikt voor handmatige dosering als voor doseerpompen<\/h4>\n<p><strong>Hoe te gebruiken:<\/strong><br \/>\nBegin met een dagelijkse dosis van 5 ml Tropic Marin\u00ae Carbo-Calcium per 100 liter (26 US-gal) volume van het aquariumsysteem. Verhoog de dagelijkse dosering &#8211; door continue controle van de alkaliteit &#8211; wekelijks met 2,5 ml per 100 liter (26 US-gal) aquariumsysteemvolume, totdat een constante carbonaathardheid van 7 tot 9 \u00b0 dH wordt bereikt. Controleer tegelijkertijd de calciumconcentratie in het aquarium &#8211; deze moet tussen 400-440 mg \/ l zijn.<\/p>\n<p>Overschrijd een maximale dagelijkse dosis van 25 ml Tropic Marin\u00ae Carbo-Calcium per 100 liter (26 US-gal) aquariumsysteemvolume niet.<\/p>\n<p>1000 ml Tropic Marin\u00ae Carbo-Calcium bevat 40.000 mg calcium en 5.600 \u00b0 carbonaathardheid.<\/p>\n<p>Gebruik de nieuwe doseercalculator om eenvoudig de benodigde dosering voor uw aquarium te bepalen. Om deze oplossing bij te vullen raden we het nieuwe product Tropic Marin\u00ae Carbo-Calcium Poeder aan dat moet worden opgelost in omgekeerd osmosewater.<\/p>\n","protected":false},"excerpt":{"rendered":"<p>Tropic Marin CarboCalcium 1000ml (KH+Ca) kan de totale calcium- en carbonaathardheid behoeften van een typisch rifaquarium voorzien worden met een enkele oplossing<\/p>\n","protected":false},"featured_media":39152,"template":"","meta":[],"pwb-brand":[400],"product_cat":[670],"product_tag":[],"class_list":{"0":"post-10647","1":"product","2":"type-product","3":"status-publish","4":"has-post-thumbnail","6":"pwb-brand-tropic-marin","7":"product_cat-zoutwater-aquarium-toevoegingen","9":"first","10":"instock","11":"taxable","12":"shipping-taxable","13":"purchasable","14":"product-type-simple"},"acf":[],"brands":[{"id":400,"name":"Tropic Marin","slug":"tropic-marin"}],"_links":{"self":[{"href":"https:\/\/www.seaflowerstore.com\/nl\/wp-json\/wp\/v2\/product\/10647","targetHints":{"allow":["GET"]}}],"collection":[{"href":"https:\/\/www.seaflowerstore.com\/nl\/wp-json\/wp\/v2\/product"}],"about":[{"href":"https:\/\/www.seaflowerstore.com\/nl\/wp-json\/wp\/v2\/types\/product"}],"wp:featuredmedia":[{"embeddable":true,"href":"https:\/\/www.seaflowerstore.com\/nl\/wp-json\/wp\/v2\/media\/39152"}],"wp:attachment":[{"href":"https:\/\/www.seaflowerstore.com\/nl\/wp-json\/wp\/v2\/media?parent=10647"}],"wp:term":[{"taxonomy":"pwb-brand","embeddable":true,"href":"https:\/\/www.seaflowerstore.com\/nl\/wp-json\/wp\/v2\/pwb-brand?post=10647"},{"taxonomy":"product_cat","embeddable":true,"href":"https:\/\/www.seaflowerstore.com\/nl\/wp-json\/wp\/v2\/product_cat?post=10647"},{"taxonomy":"product_tag","embeddable":true,"href":"https:\/\/www.seaflowerstore.com\/nl\/wp-json\/wp\/v2\/product_tag?post=10647"}],"curies":[{"name":"wp","href":"https:\/\/api.w.org\/{rel}","templated":true}]}}