{"id":10650,"date":"2016-02-03T18:09:01","date_gmt":"2016-02-03T17:09:01","guid":{"rendered":"https:\/\/www.seaflowerstore.com\/nl\/?product=all-for-reef-1000ml"},"modified":"2026-04-24T16:47:38","modified_gmt":"2026-04-24T14:47:38","slug":"tropic-marin-all-for-reef","status":"publish","type":"product","link":"https:\/\/www.seaflowerstore.com\/nl\/tropic-marin-all-for-reef\/","title":{"rendered":"Tropic Marin All for Reef"},"content":{"rendered":"<h2>Tropic Marin All for Reef totale minerale voeding voor rifaquaria<\/h2>\n<p>ALL-FOR-REEF is een gemakkelijk te gebruiken, zeer geconcentreerde oplossing voor aanvulling van alle essenti\u00eble mineralen en spoorelementen in nieuw of matig gevulde rifaquaria.<\/p>\n<p>Mineralen worden verbruikt door de groei van organismen en andere processen in het aquarium en moeten daarom regelmatig worden aangevuld. Deze omvatten voornamelijk de nodige elementen calcium, magnesium en strontium en carbonaat hardheid elementen voor de groei van de kalkhoudende skeletten van steenachtige koralen, rood koraalachtige algen en andere rif organismen.<br \/>\nTropic Marin ALL FOR REEF bevat elk van deze componenten in sterk geconcentreerde vorm en bevat ook de belangrijkste spoorelementen jodium, broom en fluor groei en stabilisatie van de skeletten van hoorn koralen, sponzen en schaaldieren; selenium vrije radicalen te elimineren; molybdeen en vanadium voor de vestiging van belangrijke enzymcomplexen.<\/p>\n<p>Met deze onderdelen, afgestemd op hun concentratiegraad, ALL-FOR-REEF cre\u00ebert uitstekende verzorging omstandigheden in slechts \u00e9\u00e9n oplossing.<\/p>\n<p>Geen additionele verbindingen worden gecre\u00eberd (bijvoorbeeld natriumchloride) dat het zoutgehalte of ionenbalans veranderen.<\/p>\n<h3>Voordelen<\/h3>\n<ul>\n<li>Eenvoudig te doseren &#8211; zowel geschikt voor handmatige dosering als voor doseerpompen<\/li>\n<li>Geschikt voor een aquarium gevuld met zachte koralen, LPS, SPS, andere filtervoeders en \/ of kreeftachtigen<\/li>\n<li>Complete mineraalvoorziening in slechts \u00e9\u00e9n oplossing<br \/>\nDe belangrijkste sporenelementen zijn al opgenomen (alle elementen van de Tropic Marin\u00ae K + ELEMENTS &amp; A- ELEMENTS)<\/li>\n<li>Geen vorming van bijproducten (bijv. Natriumchloride); het zoutgehalte en de ionenbalans worden niet gewijzigd<\/li>\n<li>Geen vorming van overtollige kooldioxide<\/li>\n<\/ul>\n<h3>Ingredi\u00ebnten<\/h3>\n<p>Tropic Marin ALL FOR REEF bevat organische calciumzouten, zouten van magnesium, strontium en sporenelementen.<br \/>\nBevat calcium, magnesium, strontium, carbonaathardheid en jodium.<\/p>\n<h3>Toepassing en dosering<\/h3>\n<p>Begin met een dagelijkse dosis van 5 ml ALL-FOR-REEF per 100 liter (26 US-gal) aquariumsysteemvolume. Verhoog de dagelijkse dosering &#8211; door continue controle van de alkaliteit &#8211; wekelijks met 2,5 ml per 100 liter (26 US-gal) aquariumsysteemvolume, totdat een constante carbonaathardheid van 7 tot 9 \u00b0 dH is bereikt.<\/p>\n<p>De maximale dagelijkse dosis van 25 ml ALL-FOR-REEF per 100 liter aquariumsysteemvolume niet overschrijden.<\/p>\n<p>Begin met een dagelijkse dosis van 5 ml ALL-FOR-REEF per 100 liter (26 US-gal) aquariumsysteemvolume. Verhoog de dagelijkse dosering &#8211; door continue controle van de alkaliteit &#8211; wekelijks met 2,5 ml per 100 liter (26 US-gal) aquariumsysteemvolume, totdat een constante carbonaathardheid van 7 tot 9 \u00b0 dH is bereikt.<\/p>\n<p>De maximale dagelijkse dosis van 25 ml ALL-FOR-REEF per 100 liter aquariumsysteemvolume niet overschrijden.<\/p>\n","protected":false},"excerpt":{"rendered":"<p>Tropic Marin All for Reef is een totale minerale voeding voor rif aquaria<\/p>\n","protected":false},"featured_media":48903,"template":"","meta":[],"pwb-brand":[400],"product_cat":[670],"product_tag":[],"class_list":{"0":"post-10650","1":"product","2":"type-product","3":"status-publish","4":"has-post-thumbnail","6":"pwb-brand-tropic-marin","7":"product_cat-zoutwater-aquarium-toevoegingen","8":"pa_inhoud-1000-ml","9":"pa_inhoud-250-ml","10":"pa_inhoud-500-ml","12":"first","13":"instock","14":"taxable","15":"shipping-taxable","16":"purchasable","17":"product-type-variable"},"acf":[],"brands":[{"id":400,"name":"Tropic Marin","slug":"tropic-marin"}],"_links":{"self":[{"href":"https:\/\/www.seaflowerstore.com\/nl\/wp-json\/wp\/v2\/product\/10650","targetHints":{"allow":["GET"]}}],"collection":[{"href":"https:\/\/www.seaflowerstore.com\/nl\/wp-json\/wp\/v2\/product"}],"about":[{"href":"https:\/\/www.seaflowerstore.com\/nl\/wp-json\/wp\/v2\/types\/product"}],"wp:featuredmedia":[{"embeddable":true,"href":"https:\/\/www.seaflowerstore.com\/nl\/wp-json\/wp\/v2\/media\/48903"}],"wp:attachment":[{"href":"https:\/\/www.seaflowerstore.com\/nl\/wp-json\/wp\/v2\/media?parent=10650"}],"wp:term":[{"taxonomy":"pwb-brand","embeddable":true,"href":"https:\/\/www.seaflowerstore.com\/nl\/wp-json\/wp\/v2\/pwb-brand?post=10650"},{"taxonomy":"product_cat","embeddable":true,"href":"https:\/\/www.seaflowerstore.com\/nl\/wp-json\/wp\/v2\/product_cat?post=10650"},{"taxonomy":"product_tag","embeddable":true,"href":"https:\/\/www.seaflowerstore.com\/nl\/wp-json\/wp\/v2\/product_tag?post=10650"}],"curies":[{"name":"wp","href":"https:\/\/api.w.org\/{rel}","templated":true}]}}