{"id":10857,"date":"2016-04-05T08:40:09","date_gmt":"2016-04-05T06:40:09","guid":{"rendered":"https:\/\/www.seaflowerstore.com\/nl\/?product=goniopower-30gr-geen-voorraad-tot-eind-janurai-2017"},"modified":"2026-03-03T10:17:24","modified_gmt":"2026-03-03T09:17:24","slug":"goniopower-30gr","status":"publish","type":"product","link":"https:\/\/www.seaflowerstore.com\/nl\/goniopower-30gr\/","title":{"rendered":"Goniopower 30gr"},"content":{"rendered":"<h3>GonioPower topvoer voor koralen en filtervoeders<\/h3>\n<p>Two Little Fishies&#8217; GonioPower Coral Food is een geconcentreerde mix van verschillende soorten zo\u00f6plankton, geeft je aquariumkoralen de vitaminen, pigmenten, aminozuren en essenti\u00eble vetzuren die ze nodig hebben om gezond en levendig te blijven.<\/p>\n<p>GonioPower Coral Food is ontwikkeld door Coral Reef-expert Justin Credible en is het ideale voedsel voor het kweken en onderhouden van Goniopora en Alveopora spp. Gonio Power is ook een uitstekend voedsel voor alle filtervoedende ongewervelde dieren, zoals zachte en steenachtige koralen, anemonen, kokerwormen, kokkels, sponsen en manteldiertjes. Meng eenvoudig dit onweerstaanbare, gepoederde koraalvoedsel met zout water.<\/p>\n<ul>\n<li>Geconcentreerde mix van vari\u00ebteiten van zo\u00f6plankton voorziet uw aquariumkoralen van vitaminen, pigmenten, aminozuren en essenti\u00eble vetzuren<\/li>\n<li>Ontwikkeld door Coral Reef-expert Justin Credabel om het ideale voedsel te zijn voor het kweken en onderhouden van Goniopora en Alveopora spp.<\/li>\n<li>Ook een uitstekend voedsel voor zachte en steenachtige koralen, anemonen, kokerwormen, kokkels, sponsen en manteldiertjes<\/li>\n<\/ul>\n","protected":false},"excerpt":{"rendered":"<p>Two Little Fishies&#8217; GonioPower Coral Food is een geconcentreerde mix van verschillende soorten zo\u00f6plankton, geeft je aquariumkoralen de vitaminen, pigmenten, aminozuren en essenti\u00eble vetzuren die ze nodig hebben om gezond en levendig te blijven<\/p>\n","protected":false},"featured_media":10858,"template":"","meta":[],"pwb-brand":[454],"product_cat":[603],"product_tag":[],"class_list":{"0":"post-10857","1":"product","2":"type-product","3":"status-publish","4":"has-post-thumbnail","6":"pwb-brand-two-little-fishies","7":"product_cat-koraal-voer","9":"first","10":"instock","11":"taxable","12":"shipping-taxable","13":"purchasable","14":"product-type-simple"},"acf":[],"brands":[{"id":454,"name":"Two Little Fishies","slug":"two-little-fishies"}],"_links":{"self":[{"href":"https:\/\/www.seaflowerstore.com\/nl\/wp-json\/wp\/v2\/product\/10857","targetHints":{"allow":["GET"]}}],"collection":[{"href":"https:\/\/www.seaflowerstore.com\/nl\/wp-json\/wp\/v2\/product"}],"about":[{"href":"https:\/\/www.seaflowerstore.com\/nl\/wp-json\/wp\/v2\/types\/product"}],"wp:featuredmedia":[{"embeddable":true,"href":"https:\/\/www.seaflowerstore.com\/nl\/wp-json\/wp\/v2\/media\/10858"}],"wp:attachment":[{"href":"https:\/\/www.seaflowerstore.com\/nl\/wp-json\/wp\/v2\/media?parent=10857"}],"wp:term":[{"taxonomy":"pwb-brand","embeddable":true,"href":"https:\/\/www.seaflowerstore.com\/nl\/wp-json\/wp\/v2\/pwb-brand?post=10857"},{"taxonomy":"product_cat","embeddable":true,"href":"https:\/\/www.seaflowerstore.com\/nl\/wp-json\/wp\/v2\/product_cat?post=10857"},{"taxonomy":"product_tag","embeddable":true,"href":"https:\/\/www.seaflowerstore.com\/nl\/wp-json\/wp\/v2\/product_tag?post=10857"}],"curies":[{"name":"wp","href":"https:\/\/api.w.org\/{rel}","templated":true}]}}