{"id":122275,"date":"2024-06-08T13:39:27","date_gmt":"2024-06-08T11:39:27","guid":{"rendered":"https:\/\/www.seaflowerstore.com\/?post_type=product&#038;p=122275"},"modified":"2024-06-08T13:42:18","modified_gmt":"2024-06-08T11:42:18","slug":"reef-factory-minerals-holder-150ml-x1","status":"publish","type":"product","link":"https:\/\/www.seaflowerstore.com\/nl\/reef-factory-minerals-holder-150ml-x1\/","title":{"rendered":"Reef Factory Minerals Holder 150ml X1"},"content":{"rendered":"<h2>Reef Factory Minerals Holder 150ml X1 is ontworpen voor gebruik met Reef Mineralen flessen<\/h2>\n<p>De Reef Minerals houder is een eenvoudig te installeren product met een capaciteit van 150ml. Hij is verkrijgbaar in twee maten: \u00e9\u00e9n voor \u00e9\u00e9n fles en \u00e9\u00e9n voor vier flessen.<br \/>\nDe houder is ontworpen voor gebruik met Reef Minerals en is een complete set om orde te handhaven in je aquarium. De installatie is snel en eenvoudig en de duurzame slangen zijn ontworpen voor aquariumchemie.<\/p>\n<p>De houder is verkrijgbaar in wit.<br \/>\nAfmetingen: 70 x 70 x 60 mm \/ 2,8 x 2,8 x 2,4 in<br \/>\nGewicht: 40 g<\/p>\n<p>Inhoud set:<\/p>\n<ul>\n<li>Witte 150 ml fleshouder x1<\/li>\n<li>Slang 2\/5 mm<\/li>\n<li>Witte minerale dop met twee gaten<\/li>\n<li>Transparante slang FI 5\/3 &#8211; 1 meter<\/li>\n<li>Mineralen montageset hanger x1<\/li>\n<\/ul>\n<p>Smart Reef+<br \/>\nReef Factory biedt een reeks Smart-producten die zijn ontworpen voor eenvoudig en gemakkelijk beheer van een zeeaquarium. Bouw je eigen systeem op basis van Smart-apparaten en bedien ze vanuit \u00e9\u00e9n gebruiksvriendelijke applicatie!<\/p>\n","protected":false},"excerpt":{"rendered":"<p>Reef Factory Minerals Holder 150ml X1 is ontworpen voor gebruik met Reef Mineralen flessen<\/p>\n","protected":false},"featured_media":122270,"template":"","meta":[],"pwb-brand":[502],"product_cat":[680],"product_tag":[],"class_list":{"0":"post-122275","1":"product","2":"type-product","3":"status-publish","4":"has-post-thumbnail","6":"pwb-brand-reef-factory","7":"product_cat-doseerpomp-accessoires","9":"first","10":"instock","11":"taxable","12":"shipping-taxable","13":"purchasable","14":"product-type-simple"},"acf":[],"brands":[{"id":502,"name":"Reef Factory","slug":"reef-factory"}],"_links":{"self":[{"href":"https:\/\/www.seaflowerstore.com\/nl\/wp-json\/wp\/v2\/product\/122275","targetHints":{"allow":["GET"]}}],"collection":[{"href":"https:\/\/www.seaflowerstore.com\/nl\/wp-json\/wp\/v2\/product"}],"about":[{"href":"https:\/\/www.seaflowerstore.com\/nl\/wp-json\/wp\/v2\/types\/product"}],"wp:featuredmedia":[{"embeddable":true,"href":"https:\/\/www.seaflowerstore.com\/nl\/wp-json\/wp\/v2\/media\/122270"}],"wp:attachment":[{"href":"https:\/\/www.seaflowerstore.com\/nl\/wp-json\/wp\/v2\/media?parent=122275"}],"wp:term":[{"taxonomy":"pwb-brand","embeddable":true,"href":"https:\/\/www.seaflowerstore.com\/nl\/wp-json\/wp\/v2\/pwb-brand?post=122275"},{"taxonomy":"product_cat","embeddable":true,"href":"https:\/\/www.seaflowerstore.com\/nl\/wp-json\/wp\/v2\/product_cat?post=122275"},{"taxonomy":"product_tag","embeddable":true,"href":"https:\/\/www.seaflowerstore.com\/nl\/wp-json\/wp\/v2\/product_tag?post=122275"}],"curies":[{"name":"wp","href":"https:\/\/api.w.org\/{rel}","templated":true}]}}