{"id":122659,"date":"2024-07-17T09:55:17","date_gmt":"2024-07-17T07:55:17","guid":{"rendered":"https:\/\/www.seaflowerstore.com\/?post_type=product&#038;p=122659"},"modified":"2024-12-20T15:18:55","modified_gmt":"2024-12-20T14:18:55","slug":"tropic-marin-cyo-control-500-ml","status":"publish","type":"product","link":"https:\/\/www.seaflowerstore.com\/nl\/tropic-marin-cyo-control-500-ml\/","title":{"rendered":"Tropic Marin CYO-CONTROL &#8211; 500 ml"},"content":{"rendered":"<div id=\"comp-lvqgz5la\" class=\"HcOXKn c9GqVL QxJLC3 comp-lvqgz5la wixui-rich-text\" data-testid=\"richTextElement\">\n<h2 class=\"font_0 wixui-rich-text__text\">Tropic Marin CYO-CONTROL Probiotische bacteri\u00ebn om biofilms van cyanobacteri\u00ebn te verdringen<\/h2>\n<p>Tropic Marin Cyo-Control blokkeert op natuurlijke wijze de terugkeer van cyanobacteri\u00ebn in het aquarium. Zodra de cyanobacteri\u00ebn handmatig zijn verwijderd, nemen de probiotische bacteri\u00ebn in Tropic Marin Cyo-Control hun plaats in.<br \/>\nAls deze bacteri\u00ebn zich eenmaal hebben gevestigd, zullen ze de cyanobacteri\u00ebn verdringen en voorkomen dat ze het gebied opnieuw koloniseren. Het zeolietsubstraat ondersteunt de probiotische bacteri\u00ebn in dit proces en maakt het water extreem helder na een korte periode van troebelheid.<\/p>\n<h4><strong>Voordelen:<\/strong><\/h4>\n<ul>\n<li>Het voorkomt dat cyanobacteri\u00ebn teruggroeien nadat je ze handmatig hebt verwijderd.<\/li>\n<li>Het is helemaal natuurlijk, gemaakt van probiotische bacteri\u00ebn en natuurlijke zeolietmineralen.<\/li>\n<li>Je hoeft maar een paar doses te gebruiken.<\/li>\n<li>Het bindt vervuilende stoffen en maakt het water echt helder.<\/li>\n<li>Je kunt het zonder koeling bewaren.<\/li>\n<li>Het bevat geen antibiotica, biociden of giftige stoffen.<\/li>\n<\/ul>\n<div id=\"comp-lvqgz5rg\" class=\"KaEeLN comp-lvqgz5rg\">\n<div class=\"\" data-mesh-id=\"comp-lvqgz5rginlineContent\" data-testid=\"inline-content\">\n<div data-mesh-id=\"comp-lvqgz5rginlineContent-gridContainer\" data-testid=\"mesh-container-content\">\n<h4><strong>Ingredi\u00ebnten<\/strong><\/h4>\n<p>Probiotische bacteri\u00ebn, mineraal clinoptiloliet, water<\/p>\n<\/div>\n<\/div>\n<\/div>\n<div id=\"comp-lvqgz5rv\" class=\"HcOXKn c9GqVL QxJLC3 comp-lvqgz5rv wixui-rich-text\" data-testid=\"richTextElement\">\n<h4><strong>Toepassing en dosering<\/strong><\/h4>\n<p>Zorg ervoor dat je zoveel mogelijk van de cyanobacteri\u00ebn overhevelt voordat je de eerste toepassing doet. Gebruik 50ml per 100l (26 US-gal.) water en zet de afschuimer en UV-C apparaten ongeveer 2 uur uit. Herhaal de dosering op de 3e en 5e dag na de eerste toepassing en hevel eventuele afzettingen van cyanobacteri\u00ebn van tevoren weer weg. Na een korte periode van vertroebeling wordt het water in het aquarium extreem helder.<\/p>\n<p>Een waarschuwing vooraf: <strong>Schud de fles goed voordat je hem gebruikt!<\/strong><\/p>\n<p>Wij raden <strong>Tropic Marin Reef Actif<\/strong> aan voor de voeding van extra probiotische bacteri\u00ebn.<\/p>\n<p><iframe loading=\"lazy\" title=\"YouTube video player\" src=\"https:\/\/www.youtube.com\/embed\/Yo7wG6Ptt8U?si=i8xNG9hRbxmALhOB&amp;start=10\" width=\"560\" height=\"315\" frameborder=\"0\" allowfullscreen=\"allowfullscreen\" data-mce-fragment=\"1\"><\/iframe><\/p>\n<\/div>\n<\/div>\n","protected":false},"excerpt":{"rendered":"<p class=\"font_0 wixui-rich-text__text\">Tropic Marin CYO-CONTROL Probiotische bacteri\u00ebn om biofilms van cyanobacteri\u00ebn te verdringen<\/p>\n","protected":false},"featured_media":122657,"template":"","meta":[],"pwb-brand":[400],"product_cat":[569,724],"product_tag":[],"class_list":{"0":"post-122659","1":"product","2":"type-product","3":"status-publish","4":"has-post-thumbnail","6":"pwb-brand-tropic-marin","7":"product_cat-cyano-control","8":"product_cat-nieuwe-producten","10":"first","11":"instock","12":"taxable","13":"shipping-taxable","14":"purchasable","15":"product-type-simple"},"acf":[],"brands":[{"id":400,"name":"Tropic Marin","slug":"tropic-marin"}],"_links":{"self":[{"href":"https:\/\/www.seaflowerstore.com\/nl\/wp-json\/wp\/v2\/product\/122659","targetHints":{"allow":["GET"]}}],"collection":[{"href":"https:\/\/www.seaflowerstore.com\/nl\/wp-json\/wp\/v2\/product"}],"about":[{"href":"https:\/\/www.seaflowerstore.com\/nl\/wp-json\/wp\/v2\/types\/product"}],"wp:featuredmedia":[{"embeddable":true,"href":"https:\/\/www.seaflowerstore.com\/nl\/wp-json\/wp\/v2\/media\/122657"}],"wp:attachment":[{"href":"https:\/\/www.seaflowerstore.com\/nl\/wp-json\/wp\/v2\/media?parent=122659"}],"wp:term":[{"taxonomy":"pwb-brand","embeddable":true,"href":"https:\/\/www.seaflowerstore.com\/nl\/wp-json\/wp\/v2\/pwb-brand?post=122659"},{"taxonomy":"product_cat","embeddable":true,"href":"https:\/\/www.seaflowerstore.com\/nl\/wp-json\/wp\/v2\/product_cat?post=122659"},{"taxonomy":"product_tag","embeddable":true,"href":"https:\/\/www.seaflowerstore.com\/nl\/wp-json\/wp\/v2\/product_tag?post=122659"}],"curies":[{"name":"wp","href":"https:\/\/api.w.org\/{rel}","templated":true}]}}