{"id":12595,"date":"2017-03-20T19:41:02","date_gmt":"2017-03-20T19:41:02","guid":{"rendered":"https:\/\/www.seaflowerstore.com\/nl\/?product=aquaforest-bios"},"modified":"2026-03-22T17:40:29","modified_gmt":"2026-03-22T16:40:29","slug":"aquaforest-bios","status":"publish","type":"product","link":"https:\/\/www.seaflowerstore.com\/nl\/aquaforest-bios\/","title":{"rendered":"Aquaforest BioS"},"content":{"rendered":"<h2>Aquaforest BioS Aanbevolen voor nieuwe opgerichte aquaria om de stikstofcyclus op te starten<\/h2>\n<p>Product dat bacteri\u00ebn bevat die een omgeving cre\u00ebren voor de proliferatie van bacteri\u00ebn in de familie Nitrospirae en Nitrobacter. Aanbevolen voor nieuwe opgerichte aquaria om de stikstofcyclus op te starten. Aquaforest BioS kan ook met succes worden toegepast in reservoirs waarin het filtersysteem gebaseerd is op probiotische bacteri\u00ebn.<\/p>\n<p><strong>Dosering: de eerste 2 weken elke dag 1 druppel per 100 l water. In de functionerende aquaria moet Bio S worden gebruikt na het verversen van het water. Schudden voor gebruik.<\/strong><\/p>\n<p>Product enkel geschikt voor gebruik in een aquarium. Bewaren op een droge en donkere plaats en buiten het bereik van kinderen.<\/p>\n","protected":false},"excerpt":{"rendered":"<p>Aquaforest BioS Aanbevolen voor nieuwe opgerichte aquaria om de stikstofcyclus op te starten<\/p>\n","protected":false},"featured_media":12596,"template":"","meta":[],"pwb-brand":[434],"product_cat":[539,744],"product_tag":[],"class_list":{"0":"post-12595","1":"product","2":"type-product","3":"status-publish","4":"has-post-thumbnail","6":"pwb-brand-aquaforest","7":"product_cat-zeeaquarium-bacterien","8":"product_cat-aquaforest","9":"pa_inhoud-10-ml","10":"pa_inhoud-50-ml","12":"first","13":"instock","14":"taxable","15":"shipping-taxable","16":"purchasable","17":"product-type-variable"},"acf":[],"brands":[{"id":434,"name":"Aquaforest","slug":"aquaforest"}],"_links":{"self":[{"href":"https:\/\/www.seaflowerstore.com\/nl\/wp-json\/wp\/v2\/product\/12595","targetHints":{"allow":["GET"]}}],"collection":[{"href":"https:\/\/www.seaflowerstore.com\/nl\/wp-json\/wp\/v2\/product"}],"about":[{"href":"https:\/\/www.seaflowerstore.com\/nl\/wp-json\/wp\/v2\/types\/product"}],"wp:featuredmedia":[{"embeddable":true,"href":"https:\/\/www.seaflowerstore.com\/nl\/wp-json\/wp\/v2\/media\/12596"}],"wp:attachment":[{"href":"https:\/\/www.seaflowerstore.com\/nl\/wp-json\/wp\/v2\/media?parent=12595"}],"wp:term":[{"taxonomy":"pwb-brand","embeddable":true,"href":"https:\/\/www.seaflowerstore.com\/nl\/wp-json\/wp\/v2\/pwb-brand?post=12595"},{"taxonomy":"product_cat","embeddable":true,"href":"https:\/\/www.seaflowerstore.com\/nl\/wp-json\/wp\/v2\/product_cat?post=12595"},{"taxonomy":"product_tag","embeddable":true,"href":"https:\/\/www.seaflowerstore.com\/nl\/wp-json\/wp\/v2\/product_tag?post=12595"}],"curies":[{"name":"wp","href":"https:\/\/api.w.org\/{rel}","templated":true}]}}