{"id":12613,"date":"2017-03-24T15:12:44","date_gmt":"2017-03-24T15:12:44","guid":{"rendered":"https:\/\/www.seaflowerstore.com\/nl\/?product=bakto-reef-blend-all-in-one-bacterien-fauna-marin"},"modified":"2026-04-04T14:23:23","modified_gmt":"2026-04-04T12:23:23","slug":"fauna-marin-bacto-blend-all-in-one-bacterien","status":"publish","type":"product","link":"https:\/\/www.seaflowerstore.com\/nl\/fauna-marin-bacto-blend-all-in-one-bacterien\/","title":{"rendered":"Fauna Marin Bacto Blend &#8211; all in one bacterien"},"content":{"rendered":"<h2>Fauna Marin Bacto Blend &#8211; Super Effici\u00ebnte Bacteriecultuur voor je Aquarium<\/h2>\n<p>Onze beste bacteriemix! Speciaal ontwikkeld voor de meest geavanceerde zeeaquaria. Fauna Marin Bacto Blend is een krachtige en geconcentreerde mix van de belangrijkste bacteriestammen. Deze samenstelling van halofiele en fototrofe bacteri\u00ebn activeert en stabiliseert razendsnel alle belangrijke biologische processen in je aquarium.<\/p>\n<p>Na de eerste dosering bereiken de bacteri\u00ebn direct hun hoogste activiteitsniveau, wat zorgt voor gezond, levendig water in je aquarium. Fauna Marin Bacto Blend is een super effici\u00ebnt bacteriemengsel dat je aquariumwater helder houdt en het leven erin gezond.<\/p>\n<ul>\n<li>Supergeconcentreerde mix van halofiele en fototrofe bacteri\u00ebn<\/li>\n<li><strong>Perfect bacteriemengsel om een zoutwateraquarium mee op te starten<\/strong><\/li>\n<li>Bevat enzymen en stikstofbacteri\u00ebn om ongewenste voedingsstoffen af te breken<\/li>\n<li>Vermindert slibopbouw en afval; effectief tegen ongewenste bacteri\u00eble afzettingen<\/li>\n<li>Verbetert de groei en kleuren van vissen en koralen<\/li>\n<li>Frisse oceaangeur en verbeterde skimmer-prestaties<\/li>\n<li>Bevat geen sulfiden of giftige conserveermiddelen<\/li>\n<li>Geen vieze geuren of rotte eierengeur<\/li>\n<li>Levende bacteri\u00ebn voor directe werking na dosering<\/li>\n<li>Zeer geconcentreerd, dus kostenbesparend in gebruik<\/li>\n<\/ul>\n<p>Voor de beste resultaten kun je Bacto Blend combineren met Marine Bacto Therapy. Samen bevatten ze honderd keer meer bacteri\u00ebn dan andere producten op de markt, waardoor ze de meest effici\u00ebnte en voordelige oplossing zijn voor je rifaquarium!<\/p>\n<h3><strong>Dosering voor nieuw aquarium:<\/strong><\/h3>\n<p><strong>Dag 1 &#8211; 3:<\/strong> 10 ml per 100 liter (26 US gal) per dag.<\/p>\n<p>Vanaf dag 4 wekelijks 5 ml per 100 liter (26 US gal).<\/p>\n<h3><strong>Reguliere dosering:<\/strong><\/h3>\n<p>3 ml per 100 liter (26 US gal) per week.<\/p>\n<p>Voor aquaria ouder dan 2 jaar: maximaal 30% van de bovenstaande dosering.<\/p>\n<h3><strong>Ingredi\u00ebnten:<\/strong><\/h3>\n<p>Water, miljarden krachtige bacteri\u00ebn per ml, enzymen.<\/p>\n<h3><strong>Veiligheidsinstructies:<\/strong><\/h3>\n<p>Buiten bereik van kinderen houden. Niet inademen, niet doorslikken, en huid- en oogcontact vermijden.<\/p>\n","protected":false},"excerpt":{"rendered":"<p>Fauna Marin Bacto Blend bacteri\u00ebn systeem voor het zeeaquarium is een speciale samenstelling van halophilic en fototrofe bacteri\u00ebn culturen die snel activeert en stabiliseert alle relevante biologische nutri\u00ebntenkringlopen in uw aquarium.<\/p>\n","protected":false},"featured_media":55528,"template":"","meta":[],"pwb-brand":[421],"product_cat":[539,752],"product_tag":[],"class_list":{"0":"post-12613","1":"product","2":"type-product","3":"status-publish","4":"has-post-thumbnail","6":"pwb-brand-fauna-marin","7":"product_cat-zeeaquarium-bacterien","8":"product_cat-fauna-marin","9":"pa_inhoud-1000-ml","10":"pa_inhoud-250-ml","11":"pa_inhoud-500-ml","13":"first","14":"outofstock","15":"taxable","16":"shipping-taxable","17":"purchasable","18":"product-type-variable"},"acf":[],"brands":[{"id":421,"name":"Fauna Marin","slug":"fauna-marin"}],"_links":{"self":[{"href":"https:\/\/www.seaflowerstore.com\/nl\/wp-json\/wp\/v2\/product\/12613","targetHints":{"allow":["GET"]}}],"collection":[{"href":"https:\/\/www.seaflowerstore.com\/nl\/wp-json\/wp\/v2\/product"}],"about":[{"href":"https:\/\/www.seaflowerstore.com\/nl\/wp-json\/wp\/v2\/types\/product"}],"wp:featuredmedia":[{"embeddable":true,"href":"https:\/\/www.seaflowerstore.com\/nl\/wp-json\/wp\/v2\/media\/55528"}],"wp:attachment":[{"href":"https:\/\/www.seaflowerstore.com\/nl\/wp-json\/wp\/v2\/media?parent=12613"}],"wp:term":[{"taxonomy":"pwb-brand","embeddable":true,"href":"https:\/\/www.seaflowerstore.com\/nl\/wp-json\/wp\/v2\/pwb-brand?post=12613"},{"taxonomy":"product_cat","embeddable":true,"href":"https:\/\/www.seaflowerstore.com\/nl\/wp-json\/wp\/v2\/product_cat?post=12613"},{"taxonomy":"product_tag","embeddable":true,"href":"https:\/\/www.seaflowerstore.com\/nl\/wp-json\/wp\/v2\/product_tag?post=12613"}],"curies":[{"name":"wp","href":"https:\/\/api.w.org\/{rel}","templated":true}]}}