{"id":13110,"date":"2018-01-24T20:18:39","date_gmt":"2018-01-24T19:18:39","guid":{"rendered":"https:\/\/www.seaflowerstore.com\/nl\/?product=caribsea-levend-zand-0-1-1mm-2-26kg"},"modified":"2025-02-13T17:27:40","modified_gmt":"2025-02-13T16:27:40","slug":"caribsea-ocean-direct-227-kg","status":"publish","type":"product","link":"https:\/\/www.seaflowerstore.com\/nl\/caribsea-ocean-direct-227-kg\/","title":{"rendered":"CaribSea Ocean Direct 2,27 kg"},"content":{"rendered":"<h2>CaribSea Ocean Direct 2,27 kg 0,1-1mm zeer fijn levend zand in een kleine verpakking<\/h2>\n<p>Ocean Direct\u2122 is een natuurlijk wit zand dat miljoenen bacteri\u00ebn bevat. Daarnaast bevat het ook sporen elementen. Ocean Direct\u2122 zorgt een versnelde opbouw van een stabiel aquarium.<\/p>\n<p>In elke zak van Ocean Direct\u2122 leeft en ademt met maximaal 1000 keer meer nuttige bacteri\u00ebn dan andere conserveringsmethoden. Elke korrel van Ocean Direct is bekleed met bacteri\u00ebn en ingekapseld door capillaire werking in een dunne film van echt oceaanwater. De dunne film is open voor een onge\u00ebvenaarde gasuitwisseling. Dit resulteert in hoge aantallen van natuurlijke en heilzame bacteri\u00ebn zonder schadelijke ophoping van metabolische bijproducten. Ontmoedigt overlast van algen en bevordert de groei van levende koralen. Bevat meer dan 7.000 ppm natuurlijk voorkomende Strontium. Bevat geen silicaat.<\/p>\n","protected":false},"excerpt":{"rendered":"<p>CaribSea Ocean Direct 2,27 kg 0,1-1mm zeer fijn levend zand in een kleine verpakking<\/p>\n","protected":false},"featured_media":13111,"template":"","meta":[],"pwb-brand":[396],"product_cat":[555],"product_tag":[],"class_list":{"0":"post-13110","1":"product","2":"type-product","3":"status-publish","4":"has-post-thumbnail","6":"pwb-brand-caribsea","7":"product_cat-aquarium-koraal-zand-grind-breuk","9":"first","10":"outofstock","11":"sale","12":"taxable","13":"shipping-taxable","14":"purchasable","15":"product-type-simple"},"acf":[],"brands":[{"id":396,"name":"Caribsea","slug":"caribsea"}],"_links":{"self":[{"href":"https:\/\/www.seaflowerstore.com\/nl\/wp-json\/wp\/v2\/product\/13110","targetHints":{"allow":["GET"]}}],"collection":[{"href":"https:\/\/www.seaflowerstore.com\/nl\/wp-json\/wp\/v2\/product"}],"about":[{"href":"https:\/\/www.seaflowerstore.com\/nl\/wp-json\/wp\/v2\/types\/product"}],"wp:featuredmedia":[{"embeddable":true,"href":"https:\/\/www.seaflowerstore.com\/nl\/wp-json\/wp\/v2\/media\/13111"}],"wp:attachment":[{"href":"https:\/\/www.seaflowerstore.com\/nl\/wp-json\/wp\/v2\/media?parent=13110"}],"wp:term":[{"taxonomy":"pwb-brand","embeddable":true,"href":"https:\/\/www.seaflowerstore.com\/nl\/wp-json\/wp\/v2\/pwb-brand?post=13110"},{"taxonomy":"product_cat","embeddable":true,"href":"https:\/\/www.seaflowerstore.com\/nl\/wp-json\/wp\/v2\/product_cat?post=13110"},{"taxonomy":"product_tag","embeddable":true,"href":"https:\/\/www.seaflowerstore.com\/nl\/wp-json\/wp\/v2\/product_tag?post=13110"}],"curies":[{"name":"wp","href":"https:\/\/api.w.org\/{rel}","templated":true}]}}