{"id":14622,"date":"2018-10-02T08:05:32","date_gmt":"2018-10-02T06:05:32","guid":{"rendered":"https:\/\/www.seaflowerstore.com\/nl\/?product=maxspect-nano-tech-bio-sphere-1kg"},"modified":"2024-12-28T17:44:29","modified_gmt":"2024-12-28T16:44:29","slug":"maxspect-nano-tech-bio-sphere-1kg","status":"publish","type":"product","link":"https:\/\/www.seaflowerstore.com\/nl\/maxspect-nano-tech-bio-sphere-1kg\/","title":{"rendered":"Maxspect Nano Tech Bio Sphere 1kg"},"content":{"rendered":"<h2>Maxspect Nano Tech Bio Sphere keramisch filter 1kg<\/h2>\n<p>Maxspect Nano-Tech Bio-Sphere is een nieuw filtermedium voor het gebruik in zoet- en zeewateraquaria. Met een ultrahoge oppervlak door de pareltjes heeft elke Bio-Sphere een <strong>oppervlak van 54 m\u00b2 voor de vestiging van bacteriekoloni\u00ebn<\/strong>.<\/p>\n<p>Met het gebruik van gestabiliseerde microbi\u00eble afvalwaterzuiveringstechnologie (W-BAF), hebben de Bio-Spheres een uniek voordeel in de behandeling van het aquariumwater met hoge ammoniak-stikstof (NH4-N) en hoge nitraat-stikstof (NO3-N). De Bio-Spheres blinken uit in het vestigen van bacteri\u00eble kolonies in de vorm van Bio-Nano Composite Films, het laat verschillende soorten bacteri\u00ebn en schimmels toe om te groeien op zijn grote oppervlak, zoals nitrificerende bacteri\u00ebn (waaronder species van de geslachten Nitrosomas, Nitrosococcus, Nitrobacter en Nitrococcus), gist fototrofe prokaryoten, enz.<\/p>\n<p>Maxspect Nano-Tech Bio-Sphere:<\/p>\n<ul>\n<li>gestabiliseerde microbi\u00eble afvalwaterzuiveringstechnologie met biologische beluchte filter (W-BAF)<\/li>\n<li>ultrahoog filteroppervlak<\/li>\n<li>Nano-Tech Bio-Sphere is gemaakt van keramische kralen en is volledig inert<\/li>\n<li>individueel gebruik in sump, extern filter of intern filter<\/li>\n<li>kan als enige filtermedia ghebruikt worden<\/li>\n<li>geschikt voor zoetwater- en zeewateraquaria<\/li>\n<li>Is geschikt voor gebruik tot 2850 Liter water<\/li>\n<li>+\/- 40 spheres in een doosje van 1kg<\/li>\n<li>Totaal oppervlak van 1kg spheres is ongeveer\u00a02375m2<\/li>\n<li>wordt geleverd met een filternet zakje<\/li>\n<\/ul>\n","protected":false},"excerpt":{"rendered":"<p>Maxspect Nano Tech Bio Sphere is een nieuw filtermedium voor gebruik in zoet- en zeewateraquaria<\/p>\n","protected":false},"featured_media":14623,"template":"","meta":[],"pwb-brand":[436],"product_cat":[563,573,690],"product_tag":[],"class_list":{"0":"post-14622","1":"product","2":"type-product","3":"status-publish","4":"has-post-thumbnail","6":"pwb-brand-maxspect","7":"product_cat-stenen","8":"product_cat-refugium","9":"product_cat-zoetwater-aquarium","10":"pa_show-myparcel-options-male","12":"first","13":"outofstock","14":"taxable","15":"shipping-taxable","16":"purchasable","17":"product-type-simple"},"acf":[],"brands":[{"id":436,"name":"Maxspect","slug":"maxspect"}],"_links":{"self":[{"href":"https:\/\/www.seaflowerstore.com\/nl\/wp-json\/wp\/v2\/product\/14622","targetHints":{"allow":["GET"]}}],"collection":[{"href":"https:\/\/www.seaflowerstore.com\/nl\/wp-json\/wp\/v2\/product"}],"about":[{"href":"https:\/\/www.seaflowerstore.com\/nl\/wp-json\/wp\/v2\/types\/product"}],"wp:featuredmedia":[{"embeddable":true,"href":"https:\/\/www.seaflowerstore.com\/nl\/wp-json\/wp\/v2\/media\/14623"}],"wp:attachment":[{"href":"https:\/\/www.seaflowerstore.com\/nl\/wp-json\/wp\/v2\/media?parent=14622"}],"wp:term":[{"taxonomy":"pwb-brand","embeddable":true,"href":"https:\/\/www.seaflowerstore.com\/nl\/wp-json\/wp\/v2\/pwb-brand?post=14622"},{"taxonomy":"product_cat","embeddable":true,"href":"https:\/\/www.seaflowerstore.com\/nl\/wp-json\/wp\/v2\/product_cat?post=14622"},{"taxonomy":"product_tag","embeddable":true,"href":"https:\/\/www.seaflowerstore.com\/nl\/wp-json\/wp\/v2\/product_tag?post=14622"}],"curies":[{"name":"wp","href":"https:\/\/api.w.org\/{rel}","templated":true}]}}