{"id":14824,"date":"2018-12-05T13:21:37","date_gmt":"2018-12-05T13:21:37","guid":{"rendered":"https:\/\/www.seaflowerstore.com\/nl\/?product=ati-nutrition-p-500ml"},"modified":"2025-11-01T15:17:20","modified_gmt":"2025-11-01T14:17:20","slug":"ati-nutrition-p-500ml","status":"publish","type":"product","link":"https:\/\/www.seaflowerstore.com\/nl\/ati-nutrition-p-500ml\/","title":{"rendered":"ATI Nutrition P 500ml"},"content":{"rendered":"<h2>ATI Nutrition P is een phosphorus bron die uiteindelijk in fosfaat zal eindigen<\/h2>\n<p>Voor de vorming van het skelet hebben steenkoralen calcium, carbonaten, magnesium, strontium en barium nodig. Spoorelementen, organische verbindingen en voedingsstoffen uit koolstof (C), stikstof (N) en fosfor (P) zijn nodig voor de constructie van biomassa.<\/p>\n<p>ATI Nutrition P bereidt dat aanbod van essenti\u00eble producten uit door essenti\u00eble organische verbindingen en voedingsstoffen te voorzien. Het ondersteunt de levering van essenti\u00eble producten met organische verbindingen en mineralen. Zorgt voor een perfecte instelling van voedingsstoffen na de Redfield-verhouding en voorkomt actief beperkingen van voedingsstoffen.<br \/>\nActiveert de vorming van Chromoproteins met koralen. Bevordert de groei en vitaliteit van alle rifbewoners.<\/p>\n<p><a href=\"https:\/\/atiaquaristik.com\/en\/?page_id=1519\" target=\"_blank\" rel=\"noopener noreferrer nofollow\">Link naar ATI voor doseer berekeningen<\/a><\/p>\n","protected":false},"excerpt":{"rendered":"<p>ATI Nutrition P is een phosphorus bron die uiteindelijk in fosfaat zal eindigen<\/p>\n","protected":false},"featured_media":14825,"template":"","meta":[],"pwb-brand":[386],"product_cat":[670,748],"product_tag":[],"class_list":{"0":"post-14824","1":"product","2":"type-product","3":"status-publish","4":"has-post-thumbnail","6":"pwb-brand-ati","7":"product_cat-zoutwater-aquarium-toevoegingen","8":"product_cat-ati","9":"pa_inhoud-500-ml","10":"pa_show-myparcel-options-male","12":"first","13":"outofstock","14":"taxable","15":"shipping-taxable","16":"purchasable","17":"product-type-simple"},"acf":[],"brands":[{"id":386,"name":"ATI","slug":"ati"}],"_links":{"self":[{"href":"https:\/\/www.seaflowerstore.com\/nl\/wp-json\/wp\/v2\/product\/14824","targetHints":{"allow":["GET"]}}],"collection":[{"href":"https:\/\/www.seaflowerstore.com\/nl\/wp-json\/wp\/v2\/product"}],"about":[{"href":"https:\/\/www.seaflowerstore.com\/nl\/wp-json\/wp\/v2\/types\/product"}],"wp:featuredmedia":[{"embeddable":true,"href":"https:\/\/www.seaflowerstore.com\/nl\/wp-json\/wp\/v2\/media\/14825"}],"wp:attachment":[{"href":"https:\/\/www.seaflowerstore.com\/nl\/wp-json\/wp\/v2\/media?parent=14824"}],"wp:term":[{"taxonomy":"pwb-brand","embeddable":true,"href":"https:\/\/www.seaflowerstore.com\/nl\/wp-json\/wp\/v2\/pwb-brand?post=14824"},{"taxonomy":"product_cat","embeddable":true,"href":"https:\/\/www.seaflowerstore.com\/nl\/wp-json\/wp\/v2\/product_cat?post=14824"},{"taxonomy":"product_tag","embeddable":true,"href":"https:\/\/www.seaflowerstore.com\/nl\/wp-json\/wp\/v2\/product_tag?post=14824"}],"curies":[{"name":"wp","href":"https:\/\/api.w.org\/{rel}","templated":true}]}}