{"id":14893,"date":"2018-12-17T19:33:03","date_gmt":"2018-12-17T18:33:03","guid":{"rendered":"https:\/\/www.seaflowerstore.com\/nl\/?product=triton-n-doc-test"},"modified":"2026-03-12T08:32:58","modified_gmt":"2026-03-12T07:32:58","slug":"triton-n-doc-test","status":"publish","type":"product","link":"https:\/\/www.seaflowerstore.com\/nl\/triton-n-doc-test\/","title":{"rendered":"Triton N-DOC Test"},"content":{"rendered":"<h2>Triton N-DOC is een uitgebreide test voor stikstof, alkaliteit en opgeloste koolstoffen<\/h2>\n<div>Introductie van uitgebreide, hoge resolutie testen voor belangrijke stikstofverbindingen, opgeloste organische koolstof en uitgebreide alkaliteit. Tot slot kunnen reefkeepers de voedingsstoffen in balans houden die de overvloed aan bacteri\u00ebn, cyanobacteri\u00ebn en algen in gesloten rifsystemen be\u00efnvloeden.<\/div>\n<div>\n<h3>Toepassing:<\/h3>\n<ul>\n<li>Lever inzichten in complexe organische systemen in zeewater: koolstof en stikstof<\/li>\n<li>Gebruik de N \/ C \/ P-verhouding om bronnen van koolstof \/ aminozuur te beheren en hun invloed op bacteri\u00ebn en koralen in rifaquaria te beheersen. (* Opmerking: P-waarde afzonderlijk gemeten via recente ICP-test of handmatig)<\/li>\n<li>Elimineer problemen veroorzaakt door blinde dosering<\/li>\n<li>Gebruik voor probleemoplossing en het bepalen van de behoefte aan waterveranderingen<\/li>\n<li>Algemene problemen zoals weefselnecrose en cyanobacteri\u00ebn oplossen<\/li>\n<li>Meet ware Alkaliteit, vrij van externe invloeden<\/li>\n<\/ul>\n<\/div>\n","protected":false},"excerpt":{"rendered":"<p>Triton N-DOC is een uitgebreide test voor stikstof, alkaliteit en opgeloste koolstoffen<\/p>\n","protected":false},"featured_media":14894,"template":"","meta":[],"pwb-brand":[425],"product_cat":[656,746],"product_tag":[],"class_list":{"0":"post-14893","1":"product","2":"type-product","3":"status-publish","4":"has-post-thumbnail","6":"pwb-brand-triton","7":"product_cat-lab-test","8":"product_cat-triton","9":"pa_show-myparcel-options-male","11":"first","12":"instock","13":"taxable","14":"shipping-taxable","15":"purchasable","16":"product-type-simple"},"acf":[],"brands":[{"id":425,"name":"Triton","slug":"triton"}],"_links":{"self":[{"href":"https:\/\/www.seaflowerstore.com\/nl\/wp-json\/wp\/v2\/product\/14893","targetHints":{"allow":["GET"]}}],"collection":[{"href":"https:\/\/www.seaflowerstore.com\/nl\/wp-json\/wp\/v2\/product"}],"about":[{"href":"https:\/\/www.seaflowerstore.com\/nl\/wp-json\/wp\/v2\/types\/product"}],"wp:featuredmedia":[{"embeddable":true,"href":"https:\/\/www.seaflowerstore.com\/nl\/wp-json\/wp\/v2\/media\/14894"}],"wp:attachment":[{"href":"https:\/\/www.seaflowerstore.com\/nl\/wp-json\/wp\/v2\/media?parent=14893"}],"wp:term":[{"taxonomy":"pwb-brand","embeddable":true,"href":"https:\/\/www.seaflowerstore.com\/nl\/wp-json\/wp\/v2\/pwb-brand?post=14893"},{"taxonomy":"product_cat","embeddable":true,"href":"https:\/\/www.seaflowerstore.com\/nl\/wp-json\/wp\/v2\/product_cat?post=14893"},{"taxonomy":"product_tag","embeddable":true,"href":"https:\/\/www.seaflowerstore.com\/nl\/wp-json\/wp\/v2\/product_tag?post=14893"}],"curies":[{"name":"wp","href":"https:\/\/api.w.org\/{rel}","templated":true}]}}