{"id":15596,"date":"2019-05-05T21:27:44","date_gmt":"2019-05-05T19:27:44","guid":{"rendered":"https:\/\/www.seaflowerstore.com\/nl\/?product=ati-nutrition-c-500ml"},"modified":"2026-02-28T11:03:25","modified_gmt":"2026-02-28T10:03:25","slug":"ati-nutrition-c-500ml","status":"publish","type":"product","link":"https:\/\/www.seaflowerstore.com\/nl\/ati-nutrition-c-500ml\/","title":{"rendered":"ATI Nutrition C 500ml"},"content":{"rendered":"<h2>ATI Nutrition C is een koolstof bron welke een voeding is voor koraal en bacteri\u00ebn<\/h2>\n<p>Voor de vorming van het skelet hebben steen koralen calcium, carbonaten, magnesium, strontium en barium nodig. Spoorelementen, organische verbindingen en voedingsstoffen uit koolstof (C), stikstof (N) en fosfor (P) zijn nodig voor de constructie van biomassa.<\/p>\n<p>ATI Nutrition C bereidt dat aanbod van essenti\u00eble producten uit door essenti\u00eble organische verbindingen en voedingsstoffen te voorzien. Het ondersteunt de levering van essenti\u00eble producten met organische verbindingen en mineralen. Zorgt voor een perfecte instelling van voedingsstoffen na de Redfield-verhouding en voorkomt actief beperkingen van voedingsstoffen.<br \/>\nActiveert de vorming van Chromoproteins met koralen. Bevordert de groei en vitaliteit van alle rifbewoners.<\/p>\n<p><a href=\"https:\/\/atiaquaristik.com\/en\/?page_id=1519\" target=\"_blank\" rel=\"noopener nofollow\">Link naar ATI voor doseer berekeningen<\/a><\/p>\n","protected":false},"excerpt":{"rendered":"<p>ATI Nutrition C is een koolstof bron welke een voeding is voor koraal en bacteri\u00ebn<\/p>\n","protected":false},"featured_media":15597,"template":"","meta":[],"pwb-brand":[386],"product_cat":[670,748],"product_tag":[],"class_list":{"0":"post-15596","1":"product","2":"type-product","3":"status-publish","4":"has-post-thumbnail","6":"pwb-brand-ati","7":"product_cat-zoutwater-aquarium-toevoegingen","8":"product_cat-ati","9":"pa_inhoud-500-ml","10":"pa_show-myparcel-options-male","12":"first","13":"outofstock","14":"sale","15":"taxable","16":"shipping-taxable","17":"purchasable","18":"product-type-simple"},"acf":[],"brands":[{"id":386,"name":"ATI","slug":"ati"}],"_links":{"self":[{"href":"https:\/\/www.seaflowerstore.com\/nl\/wp-json\/wp\/v2\/product\/15596","targetHints":{"allow":["GET"]}}],"collection":[{"href":"https:\/\/www.seaflowerstore.com\/nl\/wp-json\/wp\/v2\/product"}],"about":[{"href":"https:\/\/www.seaflowerstore.com\/nl\/wp-json\/wp\/v2\/types\/product"}],"wp:featuredmedia":[{"embeddable":true,"href":"https:\/\/www.seaflowerstore.com\/nl\/wp-json\/wp\/v2\/media\/15597"}],"wp:attachment":[{"href":"https:\/\/www.seaflowerstore.com\/nl\/wp-json\/wp\/v2\/media?parent=15596"}],"wp:term":[{"taxonomy":"pwb-brand","embeddable":true,"href":"https:\/\/www.seaflowerstore.com\/nl\/wp-json\/wp\/v2\/pwb-brand?post=15596"},{"taxonomy":"product_cat","embeddable":true,"href":"https:\/\/www.seaflowerstore.com\/nl\/wp-json\/wp\/v2\/product_cat?post=15596"},{"taxonomy":"product_tag","embeddable":true,"href":"https:\/\/www.seaflowerstore.com\/nl\/wp-json\/wp\/v2\/product_tag?post=15596"}],"curies":[{"name":"wp","href":"https:\/\/api.w.org\/{rel}","templated":true}]}}