{"id":17035,"date":"2020-01-26T20:21:52","date_gmt":"2020-01-26T19:21:52","guid":{"rendered":"https:\/\/www.seaflowerstore.com\/nl\/?product=base-rock-indonesia-box-18-20kg"},"modified":"2025-11-22T10:07:06","modified_gmt":"2025-11-22T09:07:06","slug":"base-rock-indonesia-box-18-20kg","status":"publish","type":"product","link":"https:\/\/www.seaflowerstore.com\/nl\/base-rock-indonesia-box-18-20kg\/","title":{"rendered":"Base Rock Indonesia box 18-20kg"},"content":{"rendered":"<h2>Dry Base Rock Indonesia box 18-20kg om een prachtige aquascape te maken voor je zeeaquarium<\/h2>\n<p>Verschillende stukken <strong>Dry base Rock<\/strong> om een prachtige aquascape te maken voor je zee aquarium.<br \/>\nEr zitten geen ongewenste fosfaten of ongewenste <span lang=\"en\">plagen op deze droge stenen.<\/span><\/p>\n<p>Dry base Rock fungeert als zowel aquascape-materiaal als biofiltermedium, het is veilig om te zeggen dat live rock behoorlijk belangrijk is. We willen dat het er zo natuurlijk mogelijk uitziet en zich &#8220;gedraagt&#8221;. Echt, &#8220;live&#8221; rock kan alleen maar zo goed zijn als de Dry base rock waarop je het bouwt. Voor een zeeaquarium is de beste basis, een steen waar koralen in het wild op groeien: natuurlijke basis rots.<\/p>\n<p>Natuurlijke base rock bestaat voornamelijk uit calciumcarbonaat skeletten die vorige bewoners van steenachtig koraal achterlieten. Koraalriffen bestaan eigenlijk vrijwel volledig uit base rock, met een relatief dunne laag levende koralen over het oppervlak. Vanwege de vele kleine holletjess en minuscule pori\u00ebn kan vers afgezet materiaal veel ecologisch nuttige organismen herbergen, vari\u00ebrend van nitrificerende en denitrificerende bacteri\u00ebn tot micro schaaldieren zoals copepoden.<\/p>\n<p>Een doos bevat 18-20kg rotsen van 12-30cm (5-8 stenen). Kan gemakkelijk worden gelijmd met StoneFix<\/p>\n","protected":false},"excerpt":{"rendered":"<p>Dry Base Rock Indonesia box 18-20kg om een prachtige aquascape te maken voor je zeeaquarium<\/p>\n","protected":false},"featured_media":17036,"template":"","meta":[],"pwb-brand":[408],"product_cat":[563,718],"product_tag":[],"class_list":{"0":"post-17035","1":"product","2":"type-product","3":"status-publish","4":"has-post-thumbnail","6":"pwb-brand-seaflower","7":"product_cat-stenen","8":"product_cat-populair-aquarium-artikelen","9":"pa_show-myparcel-options-male","11":"first","12":"instock","13":"taxable","14":"shipping-taxable","15":"purchasable","16":"product-type-simple"},"acf":[],"brands":[{"id":408,"name":"Seaflower","slug":"seaflower"}],"_links":{"self":[{"href":"https:\/\/www.seaflowerstore.com\/nl\/wp-json\/wp\/v2\/product\/17035","targetHints":{"allow":["GET"]}}],"collection":[{"href":"https:\/\/www.seaflowerstore.com\/nl\/wp-json\/wp\/v2\/product"}],"about":[{"href":"https:\/\/www.seaflowerstore.com\/nl\/wp-json\/wp\/v2\/types\/product"}],"wp:featuredmedia":[{"embeddable":true,"href":"https:\/\/www.seaflowerstore.com\/nl\/wp-json\/wp\/v2\/media\/17036"}],"wp:attachment":[{"href":"https:\/\/www.seaflowerstore.com\/nl\/wp-json\/wp\/v2\/media?parent=17035"}],"wp:term":[{"taxonomy":"pwb-brand","embeddable":true,"href":"https:\/\/www.seaflowerstore.com\/nl\/wp-json\/wp\/v2\/pwb-brand?post=17035"},{"taxonomy":"product_cat","embeddable":true,"href":"https:\/\/www.seaflowerstore.com\/nl\/wp-json\/wp\/v2\/product_cat?post=17035"},{"taxonomy":"product_tag","embeddable":true,"href":"https:\/\/www.seaflowerstore.com\/nl\/wp-json\/wp\/v2\/product_tag?post=17035"}],"curies":[{"name":"wp","href":"https:\/\/api.w.org\/{rel}","templated":true}]}}