{"id":17065,"date":"2020-02-03T19:49:20","date_gmt":"2020-02-03T19:49:20","guid":{"rendered":"https:\/\/www.seaflowerstore.com\/nl\/?product=aqua-medic-carbolit-4mm-pellets"},"modified":"2025-05-31T17:58:48","modified_gmt":"2025-05-31T15:58:48","slug":"aqua-medic-carbolit-4mm-pellets","status":"publish","type":"product","link":"https:\/\/www.seaflowerstore.com\/nl\/aqua-medic-carbolit-4mm-pellets\/","title":{"rendered":"Aqua Medic Carbolit 4mm pellets"},"content":{"rendered":"<h2>Aqua Medic Carbolit 3,5kg \/ 4,9L, 4mm pellets is een Actieve kool korrels voor zoet- en zeewateraquaria voor het zuiveren van het aquarium water<\/h2>\n<p>Carbolit is een zeer effici\u00ebnte werkzame actieve kool in korrelvorm van 4mm groot.<\/p>\n<p>Carbolit maakt het aquariumwater snel glashelder en verwijdert kleurstoffen, troebelingen alsmede resten van medicamenten. Carbolit kan ook als langdurig filtermateriaal worden ingezet. Al snel zullen zich bacteri\u00ebn op de korrels vestigen, waardoor het kool ook als biologisch filtersubstraat gaat fungeren en zowel a\u00ebroob als ana\u00ebroob werkt.<\/p>\n<p>Carbolit is pH-neutraal en kan zowel in zee- als in zoetwateraquaria toegepast worden.<\/p>\n<p>Verkrijgbaar in:<br \/>\n&#8211; 500gr \/ 0,7L<br \/>\n&#8211; 3,5kg \/ 4,9L<\/p>\n","protected":false},"excerpt":{"rendered":"<p>Aqua Medic Carbolit 4mm pellets is een Actieve kool korrel voor zoet- en zeewateraquaria voor het zuiveren van het aquarium water<\/p>\n","protected":false},"featured_media":17066,"template":"","meta":[],"pwb-brand":[399],"product_cat":[575,738],"product_tag":[],"class_list":{"0":"post-17065","1":"product","2":"type-product","3":"status-publish","4":"has-post-thumbnail","6":"pwb-brand-aqua-medic","7":"product_cat-actieve-kool","8":"product_cat-aquarium-filter","9":"pa_inhoud-35-kg","10":"pa_inhoud-500-gr","11":"pa_show-myparcel-options-male","13":"first","14":"instock","15":"taxable","16":"shipping-taxable","17":"purchasable","18":"product-type-variable"},"acf":[],"brands":[{"id":399,"name":"Aqua Medic","slug":"aqua-medic"}],"_links":{"self":[{"href":"https:\/\/www.seaflowerstore.com\/nl\/wp-json\/wp\/v2\/product\/17065","targetHints":{"allow":["GET"]}}],"collection":[{"href":"https:\/\/www.seaflowerstore.com\/nl\/wp-json\/wp\/v2\/product"}],"about":[{"href":"https:\/\/www.seaflowerstore.com\/nl\/wp-json\/wp\/v2\/types\/product"}],"wp:featuredmedia":[{"embeddable":true,"href":"https:\/\/www.seaflowerstore.com\/nl\/wp-json\/wp\/v2\/media\/17066"}],"wp:attachment":[{"href":"https:\/\/www.seaflowerstore.com\/nl\/wp-json\/wp\/v2\/media?parent=17065"}],"wp:term":[{"taxonomy":"pwb-brand","embeddable":true,"href":"https:\/\/www.seaflowerstore.com\/nl\/wp-json\/wp\/v2\/pwb-brand?post=17065"},{"taxonomy":"product_cat","embeddable":true,"href":"https:\/\/www.seaflowerstore.com\/nl\/wp-json\/wp\/v2\/product_cat?post=17065"},{"taxonomy":"product_tag","embeddable":true,"href":"https:\/\/www.seaflowerstore.com\/nl\/wp-json\/wp\/v2\/product_tag?post=17065"}],"curies":[{"name":"wp","href":"https:\/\/api.w.org\/{rel}","templated":true}]}}