{"id":57854,"date":"2021-05-27T16:51:45","date_gmt":"2021-05-27T14:51:45","guid":{"rendered":"https:\/\/www.seaflowerstore.com\/nl\/?post_type=product&#038;p=57854"},"modified":"2026-02-01T15:26:15","modified_gmt":"2026-02-01T14:26:15","slug":"tropic-marin-nitribiotic","status":"publish","type":"product","link":"https:\/\/www.seaflowerstore.com\/nl\/tropic-marin-nitribiotic\/","title":{"rendered":"Tropic Marin NITRIBIOTIC"},"content":{"rendered":"<h2>Tropic Marin NITRIBIOTIC bevat probiotische en nitrificerende bacteri\u00ebn<\/h2>\n<p>Tropic Marin NITRIBIOTIC is een combinatie van probiotische en nitrificerende bacteri\u00ebn in \u00e9\u00e9n preparaat dat de afweer van het immuunsysteem van vissen en garnalen versterkt en de waterkwaliteit verbetert. De nitrificerende bacteri\u00ebn starten effici\u00ebnt het nitrificatieproces, d.w.z. het proces waarbij giftige ammoniak wordt afgebroken tot niet-giftig nitraat. De paarse bacteri\u00ebn in NITRIBIOTIC oxideren giftig waterstofsulfide tot niet giftig zwavel en sulfaat. Probiotische bacteri\u00ebn en gisten hebben een bewezen positief effect op de gezondheid en het welzijn van vissen en garnalen, vooral bij de kweek.<\/p>\n<p>Voordelen:<\/p>\n<ul>\n<li>Bacteri\u00eble verbinding met probiotische, nitrificerende en paarse bacteri\u00ebn<\/li>\n<li>De toevoeging van probiotische bacteri\u00ebn heeft een gezonde werking en verbetert de stressbestendigheid bij de dieren<\/li>\n<li>Nitrificerende bacteri\u00ebn helpen de nitrificatie<\/li>\n<li>Paarse bacteri\u00ebn breken waterstofsulfide af<\/li>\n<li>Geschikt voor elk aquariumbestand &#8211; vissen, koralen, LPS, SPS, andere filtervoeders en \/ of kreeftachtigen<\/li>\n<li>Makkelijk te doseren vloeibare oplossing<\/li>\n<li>Lang houdbaar, ook na opening<\/li>\n<li>Geurloos<\/li>\n<\/ul>\n<h3>Hoe te gebruiken:<\/h3>\n<p>Schud de fles voor elk gebruik goed! Om de bacteri\u00ebn zich ongehinderd in het aquarium te laten ontwikkelen, dient u voor het doseren uv-systemen, ozonisatoren en skimmers uit te schakelen en pas 3-4 uur na het doseren weer aan te zetten. NITRIBIOTIC kan in de inlaat van een biologisch filter of direct in het aquariumwater worden gedoseerd.<br \/>\nBevestig de bijgeleverde slang aan de spuit en meet de gewenste hoeveelheid NITRIBIOTIC af met de spuit. De lucht die bij het trekken aan de spuit in de slang en spuit komt, heeft geen invloed op de dosering. De onderkant van de zuiger geeft altijd de juiste dosering weer, ook als de gewenste hoeveelheid NITRIBIOTIC door de aangezogen lucht alleen in de slang zit en niet in de spuitkamer. De aangezogen lucht dient voor het ledigen van de slang tijdens het doseren.<\/p>\n<p>Begin met een dosis van 1 ml voor elke 100 l (26 US-gal) aquarium systeem volume. Een volgende wekelijkse dosering van 1 ml per 200 l (52 US-gal) aquarium systeem volume handhaaft en vernieuwt het pro-biotische effect.<\/p>\n<p>Tot een dubbele dosis NITRIBIOTIC is nog steeds veilig voor het aquarium.<\/p>\n<p>Tropic Marin\u00ae NITRIBIOTIC bevat Bacillus subtilis, Nitrobacteria, Saccharomyces, Lactobacillus en Purple bacteri\u00ebn.<\/p>\n","protected":false},"excerpt":{"rendered":"<p>Tropic Marin NITRIBIOTIC bevat probiotische en nitrificerende bacteri\u00ebn<\/p>\n","protected":false},"featured_media":57856,"template":"","meta":[],"pwb-brand":[400],"product_cat":[539],"product_tag":[],"class_list":{"0":"post-57854","1":"product","2":"type-product","3":"status-publish","4":"has-post-thumbnail","6":"pwb-brand-tropic-marin","7":"product_cat-zeeaquarium-bacterien","8":"pa_inhoud-25-ml","9":"pa_inhoud-50-ml","11":"first","12":"instock","13":"taxable","14":"shipping-taxable","15":"purchasable","16":"product-type-variable"},"acf":[],"brands":[{"id":400,"name":"Tropic Marin","slug":"tropic-marin"}],"_links":{"self":[{"href":"https:\/\/www.seaflowerstore.com\/nl\/wp-json\/wp\/v2\/product\/57854","targetHints":{"allow":["GET"]}}],"collection":[{"href":"https:\/\/www.seaflowerstore.com\/nl\/wp-json\/wp\/v2\/product"}],"about":[{"href":"https:\/\/www.seaflowerstore.com\/nl\/wp-json\/wp\/v2\/types\/product"}],"wp:featuredmedia":[{"embeddable":true,"href":"https:\/\/www.seaflowerstore.com\/nl\/wp-json\/wp\/v2\/media\/57856"}],"wp:attachment":[{"href":"https:\/\/www.seaflowerstore.com\/nl\/wp-json\/wp\/v2\/media?parent=57854"}],"wp:term":[{"taxonomy":"pwb-brand","embeddable":true,"href":"https:\/\/www.seaflowerstore.com\/nl\/wp-json\/wp\/v2\/pwb-brand?post=57854"},{"taxonomy":"product_cat","embeddable":true,"href":"https:\/\/www.seaflowerstore.com\/nl\/wp-json\/wp\/v2\/product_cat?post=57854"},{"taxonomy":"product_tag","embeddable":true,"href":"https:\/\/www.seaflowerstore.com\/nl\/wp-json\/wp\/v2\/product_tag?post=57854"}],"curies":[{"name":"wp","href":"https:\/\/api.w.org\/{rel}","templated":true}]}}