{"id":63954,"date":"2022-01-06T14:00:20","date_gmt":"2022-01-06T13:00:20","guid":{"rendered":"https:\/\/www.seaflowerstore.com\/nl\/?post_type=product&#038;p=63954"},"modified":"2025-06-04T19:17:21","modified_gmt":"2025-06-04T17:17:21","slug":"maxspect-nano-tech-anaerobic-block","status":"publish","type":"product","link":"https:\/\/www.seaflowerstore.com\/nl\/maxspect-nano-tech-anaerobic-block\/","title":{"rendered":"Maxspect Nano Tech Anaerobic Block"},"content":{"rendered":"<h2>Maxspect Nano Tech Anaerobic Block Verwijdert op effici\u00ebnte wijze nitraat uit uw aquarium<\/h2>\n<ul>\n<li>Verwijdert op effici\u00ebnte wijze nitraat uit uw aquarium<\/li>\n<li><span style=\"font-size: 14.4px\">Gepatenteerde technologie die speciaal is ontworpen om de groei van ana\u00ebrobe bacteri\u00ebn te stimuleren<\/span><\/li>\n<li><span style=\"font-size: 14.4px\">Ana\u00ebrobe bacteri\u00ebn voltooien de nitrificatiecyclus die nitraat afbreekt in stikstofgas, waardoor voedingsstoffen uit het aquarium worden ge\u00ebxporteerd.<\/span><\/li>\n<\/ul>\n<p>Geschikt voor zoet- en zeeaquaria. 2 Blokken zij geschikt tot 1.000L \/ 264 Gal<\/p>\n<p>Gebruik direct in de sump, stapel twee ana\u00ebrobe blokken horizontaal op elkaar en plaats een denitrificatiekatalysator tussen de blokken, zoals hierboven ge\u00efllustreerd. De denitrificatiekatalysator zal langzaam opgebruiken en moet elke 2 maanden worden vervangen.<\/p>\n<p>De nano-keramische kralen in de ana\u00ebrobe blokken zijn speciaal behandeld met onze gepatenteerde technologie, zodat ze uitblinken in het vestigen van ana\u00ebrobe heterotrofe bacteri\u00ebn die streven in een anoxische omgeving.<\/p>\n<p>Denitrificatie wordt steeds vaker gebruikt om stikstof uit rioolwater, gemeentelijk, industrieel en landbouwafvalwater te verwijderen om de vervuiling tegen te gaan. Verschillende soorten denitrificatiereactoren en -methoden worden nu gebruikt en zijn effectief in het verwijderen van nitraat uit landbouwafval en zelfs mest. De Anaerobic-Blocks integreerden deze technologie in een compact pakket dat perfect in je sump past.<\/p>\n<p>Het ana\u00ebrobe blok moet om de 6<strong> maanden worden schoongemaakt of vervangen voor een optimaal resultaat<\/strong>, maar bij het reinigen\/vervangen van het oude ana\u00ebrobe blok, vervang ze NIET allemaal tegelijk. Reinig\/vervang de helft van het Ana\u00ebrobe-Blok zodanig dat er voldoende bacteriekolonies overblijven om zich te herstellen in het pas schoongemaakte\/vervangen Ana\u00ebrobe-Blok.<\/p>\n<div id=\"noscale\" class=\"gallery-item\">\n<div class=\"grid-item-holder\">\n<table>\n<tbody>\n<tr>\n<td id=\"anaerobicformfont\" valign=\"middle\">Afmetingen<\/td>\n<td id=\"anaerobicformfont\" colspan=\"2\" valign=\"middle\">Oppervlak per Block<\/td>\n<\/tr>\n<tr>\n<td id=\"anaerobicformfont\" valign=\"middle\">97\u00d797\u00d725mm<br \/>\n3\u00be&#8221;\u00d73\u00be&#8221;\u00d71&#8243;<\/td>\n<td id=\"anaerobicformfont\" valign=\"middle\">1025 m2<\/td>\n<td id=\"anaerobicformfont\" valign=\"middle\">11033 ft2<\/td>\n<\/tr>\n<\/tbody>\n<\/table>\n<\/div>\n<\/div>\n","protected":false},"excerpt":{"rendered":"<p>Maxspect Nano Tech Anaerobic Block Verwijdert op effici\u00ebnte wijze nitraat uit uw aquarium<\/p>\n","protected":false},"featured_media":63955,"template":"","meta":[],"pwb-brand":[436],"product_cat":[559,563],"product_tag":[],"class_list":{"0":"post-63954","1":"product","2":"type-product","3":"status-publish","4":"has-post-thumbnail","6":"pwb-brand-maxspect","7":"product_cat-zoutwater-aquarium-nitraat-fosfaat-verwijderaar","8":"product_cat-stenen","10":"first","11":"outofstock","12":"taxable","13":"shipping-taxable","14":"purchasable","15":"product-type-simple"},"acf":[],"brands":[{"id":436,"name":"Maxspect","slug":"maxspect"}],"_links":{"self":[{"href":"https:\/\/www.seaflowerstore.com\/nl\/wp-json\/wp\/v2\/product\/63954","targetHints":{"allow":["GET"]}}],"collection":[{"href":"https:\/\/www.seaflowerstore.com\/nl\/wp-json\/wp\/v2\/product"}],"about":[{"href":"https:\/\/www.seaflowerstore.com\/nl\/wp-json\/wp\/v2\/types\/product"}],"wp:featuredmedia":[{"embeddable":true,"href":"https:\/\/www.seaflowerstore.com\/nl\/wp-json\/wp\/v2\/media\/63955"}],"wp:attachment":[{"href":"https:\/\/www.seaflowerstore.com\/nl\/wp-json\/wp\/v2\/media?parent=63954"}],"wp:term":[{"taxonomy":"pwb-brand","embeddable":true,"href":"https:\/\/www.seaflowerstore.com\/nl\/wp-json\/wp\/v2\/pwb-brand?post=63954"},{"taxonomy":"product_cat","embeddable":true,"href":"https:\/\/www.seaflowerstore.com\/nl\/wp-json\/wp\/v2\/product_cat?post=63954"},{"taxonomy":"product_tag","embeddable":true,"href":"https:\/\/www.seaflowerstore.com\/nl\/wp-json\/wp\/v2\/product_tag?post=63954"}],"curies":[{"name":"wp","href":"https:\/\/api.w.org\/{rel}","templated":true}]}}