{"id":65754,"date":"2022-03-30T12:12:05","date_gmt":"2022-03-30T10:12:05","guid":{"rendered":"https:\/\/www.seaflowerstore.com\/nl\/?post_type=product&#038;p=65754"},"modified":"2025-12-22T15:28:16","modified_gmt":"2025-12-22T14:28:16","slug":"tropic-marin-reef-actif-60gr","status":"publish","type":"product","link":"https:\/\/www.seaflowerstore.com\/nl\/tropic-marin-reef-actif-60gr\/","title":{"rendered":"Tropic Marin Reef Actif 60gr"},"content":{"rendered":"<h2>Tropic Marin Reef Actif 60gr &#8211; 100ml bindt overtollige voedingsstoffen en andere verontreinigende stoffen<\/h2>\n<p>REEF ACTIF bevat mariene biopolymeren die overtollige voedingsstoffen en andere verontreinigende stoffen binden en leiden tot hun afbraak via gespecialiseerde micro-organismen. Dit bevordert een natuurlijke mariene microbiologische omgeving in het aquarium en houdt het water extreem helder.<\/p>\n<p>Door de activering van de microflora wordt het water op geheel natuurlijke wijze voorzien van tal van vitamines en andere vitale stoffen. Koralen en schelpen gaan beter open en laten hun volledige kleurenpalet zien. Ook vissen profiteren van de stabiele bacterieflora en de probiotische werking; ze worden robuust en tonen hun vitaliteit in de vorm van perfecte kleuring.<\/p>\n<h3 class=\"h2\">Voordelen:<\/h3>\n<ul>\n<li>Zorgt voor consistente watercondities tussen waterverversingen<\/li>\n<li>Heeft een dubbele functie als adsorber en waardevolle bacterievoeding in het aquarium<\/li>\n<li>Bindt voedingsstoffen en stimuleert het gebruik ervan via bacteri\u00ebn en andere organismen<\/li>\n<li>Bevordert de verwijdering van waterverontreiniging door verontreinigende stoffen te binden<\/li>\n<li>Langzame afbraak van overtollige voedingsstoffen zonder zuurstofverbruik in het aquarium<\/li>\n<li>Verbetert de consistentie en continu\u00efteit van het eiwit afschuimen<\/li>\n<li>Verbetert de vitaliteit en kleuring van koralen<\/li>\n<\/ul>\n<h3>Hoe te gebruiken:<\/h3>\n<div class=\"mCSB_container mCS_no_scrollbar\">\n<p>E\u00e9n maatlepel REEF ACTIF eenmaal per week per 500 I \/ 130 US-Gal. van het watervolume van het aquariumsysteem. Roer REEF ACTIF door wat aquariumwater en voeg het dan toe aan het aquarium. Zorg ervoor dat het zo gelijkmatig mogelijk wordt gemengd.<\/p>\n<p>Maximale dosering: \u00e9\u00e9n maatlepel voor een aquarium van 500 I (130 US-Gal.), drie keer per week. Voor aquariumsystemen zonder skimmers: \u00e9\u00e9n maatlepel voor een aquarium van 1000 I (260 US-gal.).<\/p>\n<p>REEF ACTIF kan gebruikt worden in combinatie met alle andere producten van het BIO-ACTIF-SYSTEM. Dit leidt niet tot overdosering van organische stoffen.<\/p>\n<\/div>\n","protected":false},"excerpt":{"rendered":"<p>Tropic Marin Reef Actif bindt overtollige voedingsstoffen en andere verontreinigende stoffen<\/p>\n","protected":false},"featured_media":65755,"template":"","meta":[],"pwb-brand":[400],"product_cat":[670],"product_tag":[],"class_list":{"0":"post-65754","1":"product","2":"type-product","3":"status-publish","4":"has-post-thumbnail","6":"pwb-brand-tropic-marin","7":"product_cat-zoutwater-aquarium-toevoegingen","9":"first","10":"instock","11":"taxable","12":"shipping-taxable","13":"purchasable","14":"product-type-simple"},"acf":[],"brands":[{"id":400,"name":"Tropic Marin","slug":"tropic-marin"}],"_links":{"self":[{"href":"https:\/\/www.seaflowerstore.com\/nl\/wp-json\/wp\/v2\/product\/65754","targetHints":{"allow":["GET"]}}],"collection":[{"href":"https:\/\/www.seaflowerstore.com\/nl\/wp-json\/wp\/v2\/product"}],"about":[{"href":"https:\/\/www.seaflowerstore.com\/nl\/wp-json\/wp\/v2\/types\/product"}],"wp:featuredmedia":[{"embeddable":true,"href":"https:\/\/www.seaflowerstore.com\/nl\/wp-json\/wp\/v2\/media\/65755"}],"wp:attachment":[{"href":"https:\/\/www.seaflowerstore.com\/nl\/wp-json\/wp\/v2\/media?parent=65754"}],"wp:term":[{"taxonomy":"pwb-brand","embeddable":true,"href":"https:\/\/www.seaflowerstore.com\/nl\/wp-json\/wp\/v2\/pwb-brand?post=65754"},{"taxonomy":"product_cat","embeddable":true,"href":"https:\/\/www.seaflowerstore.com\/nl\/wp-json\/wp\/v2\/product_cat?post=65754"},{"taxonomy":"product_tag","embeddable":true,"href":"https:\/\/www.seaflowerstore.com\/nl\/wp-json\/wp\/v2\/product_tag?post=65754"}],"curies":[{"name":"wp","href":"https:\/\/api.w.org\/{rel}","templated":true}]}}