{"id":70023,"date":"2022-10-31T15:47:39","date_gmt":"2022-10-31T14:47:39","guid":{"rendered":"https:\/\/www.seaflowerstore.com\/nl\/?post_type=product&#038;p=70023"},"modified":"2025-09-01T17:00:10","modified_gmt":"2025-09-01T15:00:10","slug":"tropic-marin-zooton-60-g-100ml","status":"publish","type":"product","link":"https:\/\/www.seaflowerstore.com\/nl\/tropic-marin-zooton-60-g-100ml\/","title":{"rendered":"Tropic Marin Zooton &#8211; 60 g \/ 100ml"},"content":{"rendered":"<h2>Tropic Marin Zooton &#8211; 60 g \/ 100ml is een planktonvervanger voor steenkoralen en andere zo\u00f6plankton filtervoeders<\/h2>\n<div>Net als vissen hebben ook koralen en andere filtervoeders voedingsstoffen nodig voor hun groei en welzijn. Natuurlijk zo\u00f6plankton is een belangrijke bron van energie en voedingsstoffen voor steenkoralen en andere filtervoeders voor plankton. In de zee verplaatst zo\u00f6plankton zich vooral &#8217;s nachts van diepere wateren naar het leefgebied van rifkoralen. In het rifaquarium is het belangrijk om deze natuurlijke overvloed aan plankton aan de koralen te geven zo dicht mogelijk bij de manier waarop het in de natuur voorkomt.<\/div>\n<div><\/div>\n<div>Tropic Marin Zooton is een uitgebalanceerde planktonvervanger voor steenkoralen, met name kleine poliepsteenkoralen en andere planktonfiltervoeders in het zeewateraquarium. Het bestaat voornamelijk uit geselecteerde dierlijke en plantaardige mariene ingredi\u00ebnten die rijk zijn aan sporenelementen en mineralen. Spirulina, een van de ingredi\u00ebnten, levert onder andere grote hoeveelheden caroteno\u00efden en dekt in combinatie met biergist de behoefte aan natuurlijke vitamines van de B-groep, met name vitamine B12.<\/div>\n<h3>Voordelen<\/h3>\n<ul>\n<li>Een planktonvervanger voor kleine poliepsteenkoralen en andere zo\u00f6planktonfiltervoeders<\/li>\n<li>Met geselecteerde mariene ingredi\u00ebnten die rijk zijn aan sporenelementen en mineralen<\/li>\n<li>Voor energievoorziening en koraalgroeiRijk aan caroteno\u00efden en vitamine B12<\/li>\n<\/ul>\n<h4><strong>Ingredi\u00ebnten<\/strong><\/h4>\n<div>Bijproducten van garnalen en garnalen, algen, biergist, spirulina.<\/div>\n<div>Additieven: Cellulose 10%, beta\u00efne 25g\/kg, vitamine B12 100mg\/kg<\/div>\n<h3>Toepassing &amp; Dosering<\/h3>\n<div>Voeg twee keer per dag een maatschep Tropic Marin Zooton toe voor elke 200 tot 500 liter aquariumvolume. Roer hiervoor eerst de juiste hoeveelheid Tropic Marin Zooton in een mok door wat aquariumwater en laat het even zacht worden. Voeg het op deze manier bereide voer langzaam toe aan het aquariumwater, zodat het door de dieren kan worden opgenomen.<\/div>\n<div><\/div>\n<div><em>Niet geschikt voor menselijke consumptie.<\/em><\/div>\n","protected":false},"excerpt":{"rendered":"<h2>Tropic Marin Zooton is een planktonvervanger voor steenkoralen en andere zo\u00f6plankton filtervoeders<\/h2>\n","protected":false},"featured_media":70024,"template":"","meta":[],"pwb-brand":[400],"product_cat":[603],"product_tag":[],"class_list":{"0":"post-70023","1":"product","2":"type-product","3":"status-publish","4":"has-post-thumbnail","6":"pwb-brand-tropic-marin","7":"product_cat-koraal-voer","9":"first","10":"instock","11":"taxable","12":"shipping-taxable","13":"purchasable","14":"product-type-simple"},"acf":[],"brands":[{"id":400,"name":"Tropic Marin","slug":"tropic-marin"}],"_links":{"self":[{"href":"https:\/\/www.seaflowerstore.com\/nl\/wp-json\/wp\/v2\/product\/70023","targetHints":{"allow":["GET"]}}],"collection":[{"href":"https:\/\/www.seaflowerstore.com\/nl\/wp-json\/wp\/v2\/product"}],"about":[{"href":"https:\/\/www.seaflowerstore.com\/nl\/wp-json\/wp\/v2\/types\/product"}],"wp:featuredmedia":[{"embeddable":true,"href":"https:\/\/www.seaflowerstore.com\/nl\/wp-json\/wp\/v2\/media\/70024"}],"wp:attachment":[{"href":"https:\/\/www.seaflowerstore.com\/nl\/wp-json\/wp\/v2\/media?parent=70023"}],"wp:term":[{"taxonomy":"pwb-brand","embeddable":true,"href":"https:\/\/www.seaflowerstore.com\/nl\/wp-json\/wp\/v2\/pwb-brand?post=70023"},{"taxonomy":"product_cat","embeddable":true,"href":"https:\/\/www.seaflowerstore.com\/nl\/wp-json\/wp\/v2\/product_cat?post=70023"},{"taxonomy":"product_tag","embeddable":true,"href":"https:\/\/www.seaflowerstore.com\/nl\/wp-json\/wp\/v2\/product_tag?post=70023"}],"curies":[{"name":"wp","href":"https:\/\/api.w.org\/{rel}","templated":true}]}}