{"id":9305,"date":"2015-02-23T15:14:40","date_gmt":"2015-02-23T14:14:40","guid":{"rendered":"https:\/\/www.seaflowerstore.com\/nl\/?product=triton-di-1000ml"},"modified":"2026-03-15T11:35:19","modified_gmt":"2026-03-15T10:35:19","slug":"triton-di-1000ml","status":"publish","type":"product","link":"https:\/\/www.seaflowerstore.com\/nl\/triton-di-1000ml\/","title":{"rendered":"Triton DI &#8211; 1000ml"},"content":{"rendered":"<h2>Triton DI &#8211; 1000ml is een de\u00efoniserende hars, voor het cre\u00ebren van een zeer zuiver gede\u00efoniseerd water<\/h2>\n<p>Vervangende hars voor de DI-patroon van uw osmose-apparaat. Aanbevolen wordt om de DI-hars te vervangen wanneer de TDS-waarde van het osmosewater hoger is dan 1PPM.<\/p>\n<p>Om de kwaliteit van het osmose membraan te controleren: meet de TDS-waarde van de uitvoer van schoon water, afkomstig van het membraan dat naar de DI-hars stroomt.<\/p>\n","protected":false},"excerpt":{"rendered":"<p>Triton DI 1000ml Vulling voor in het DI-patroon van uw osmose apparaat<\/p>\n","protected":false},"featured_media":9306,"template":"","meta":[],"pwb-brand":[425],"product_cat":[630,746,670],"product_tag":[],"class_list":{"0":"post-9305","1":"product","2":"type-product","3":"status-publish","4":"has-post-thumbnail","6":"pwb-brand-triton","7":"product_cat-filters-en-toebehoren","8":"product_cat-triton","9":"product_cat-zoutwater-aquarium-toevoegingen","11":"first","12":"instock","13":"taxable","14":"shipping-taxable","15":"purchasable","16":"product-type-simple"},"acf":[],"brands":[{"id":425,"name":"Triton","slug":"triton"}],"_links":{"self":[{"href":"https:\/\/www.seaflowerstore.com\/nl\/wp-json\/wp\/v2\/product\/9305","targetHints":{"allow":["GET"]}}],"collection":[{"href":"https:\/\/www.seaflowerstore.com\/nl\/wp-json\/wp\/v2\/product"}],"about":[{"href":"https:\/\/www.seaflowerstore.com\/nl\/wp-json\/wp\/v2\/types\/product"}],"wp:featuredmedia":[{"embeddable":true,"href":"https:\/\/www.seaflowerstore.com\/nl\/wp-json\/wp\/v2\/media\/9306"}],"wp:attachment":[{"href":"https:\/\/www.seaflowerstore.com\/nl\/wp-json\/wp\/v2\/media?parent=9305"}],"wp:term":[{"taxonomy":"pwb-brand","embeddable":true,"href":"https:\/\/www.seaflowerstore.com\/nl\/wp-json\/wp\/v2\/pwb-brand?post=9305"},{"taxonomy":"product_cat","embeddable":true,"href":"https:\/\/www.seaflowerstore.com\/nl\/wp-json\/wp\/v2\/product_cat?post=9305"},{"taxonomy":"product_tag","embeddable":true,"href":"https:\/\/www.seaflowerstore.com\/nl\/wp-json\/wp\/v2\/product_tag?post=9305"}],"curies":[{"name":"wp","href":"https:\/\/api.w.org\/{rel}","templated":true}]}}