{"id":9308,"date":"2015-02-23T15:15:30","date_gmt":"2015-02-23T14:15:30","guid":{"rendered":"https:\/\/www.seaflowerstore.com\/nl\/?product=triton-di-5000ml"},"modified":"2025-06-24T19:46:06","modified_gmt":"2025-06-24T17:46:06","slug":"triton-di-5000ml","status":"publish","type":"product","link":"https:\/\/www.seaflowerstore.com\/nl\/triton-di-5000ml\/","title":{"rendered":"Triton DI &#8211; 5000ml"},"content":{"rendered":"<h3><strong>Triton DI &#8211; 5000ml is de\u00efoniserende hars, voor het cre\u00ebren van een zeer zuiver gede\u00efoniseerd water. <\/strong><\/h3>\n<p>Vervangende hars voor de DI-patroon van uw osmose-apparaat. Aanbevolen wordt om de DI-hars te vervangen wanneer de TDS-waarde van het osmosewater hoger is dan 1PPM.<\/p>\n<p>Om de kwaliteit van het osmosemembraan te controleren: meet de TDS-waarde van de uitvoer van schoon water, afkomstig van het membraan dat naar de DI-hars stroomt.<\/p>\n","protected":false},"excerpt":{"rendered":"<p class=\"serp-title\" data-format=\"%title% %sep% %sitename%\" data-empty-title=\"Click to enter custom title\">Triton DI Vulling voor in het DI-patroon van uw osmose apparaat<\/p>\n","protected":false},"featured_media":9309,"template":"","meta":[],"pwb-brand":[425],"product_cat":[630,746],"product_tag":[],"class_list":{"0":"post-9308","1":"product","2":"type-product","3":"status-publish","4":"has-post-thumbnail","6":"pwb-brand-triton","7":"product_cat-filters-en-toebehoren","8":"product_cat-triton","10":"first","11":"instock","12":"taxable","13":"shipping-taxable","14":"purchasable","15":"product-type-simple"},"acf":[],"brands":[{"id":425,"name":"Triton","slug":"triton"}],"_links":{"self":[{"href":"https:\/\/www.seaflowerstore.com\/nl\/wp-json\/wp\/v2\/product\/9308","targetHints":{"allow":["GET"]}}],"collection":[{"href":"https:\/\/www.seaflowerstore.com\/nl\/wp-json\/wp\/v2\/product"}],"about":[{"href":"https:\/\/www.seaflowerstore.com\/nl\/wp-json\/wp\/v2\/types\/product"}],"wp:featuredmedia":[{"embeddable":true,"href":"https:\/\/www.seaflowerstore.com\/nl\/wp-json\/wp\/v2\/media\/9309"}],"wp:attachment":[{"href":"https:\/\/www.seaflowerstore.com\/nl\/wp-json\/wp\/v2\/media?parent=9308"}],"wp:term":[{"taxonomy":"pwb-brand","embeddable":true,"href":"https:\/\/www.seaflowerstore.com\/nl\/wp-json\/wp\/v2\/pwb-brand?post=9308"},{"taxonomy":"product_cat","embeddable":true,"href":"https:\/\/www.seaflowerstore.com\/nl\/wp-json\/wp\/v2\/product_cat?post=9308"},{"taxonomy":"product_tag","embeddable":true,"href":"https:\/\/www.seaflowerstore.com\/nl\/wp-json\/wp\/v2\/product_tag?post=9308"}],"curies":[{"name":"wp","href":"https:\/\/api.w.org\/{rel}","templated":true}]}}