{"id":9544,"date":"2015-05-01T19:01:46","date_gmt":"2015-05-01T19:01:46","guid":{"rendered":"https:\/\/www.seaflowerstore.com\/nl\/?product=chemi-pure-grande-1134g"},"modified":"2022-10-10T21:04:32","modified_gmt":"2022-10-10T19:04:32","slug":"chemi-pure-grande-1134g","status":"publish","type":"product","link":"https:\/\/www.seaflowerstore.com\/nl\/chemi-pure-grande-1134g\/","title":{"rendered":"Chemi Pure Grande 1134g"},"content":{"rendered":"<h2>Chemi Pure Grande 1134g filtration media<\/h2>\n<ul>\n<li>Langer leven &#8211; Vissen leven vaak 3 tot 4 keer langer<\/li>\n<li>Contante pH waarde &#8211; Altijd binnen het veilige bereik<\/li>\n<li>Beschermt de nodige organismen &#8211; zonder gevaar voor vervuiling<\/li>\n<li>Verwijdert giftig elementen &#8211; Inclusief koper en fenol<\/li>\n<li>Verwijdert kleine organische deeltjes<\/li>\n<li>Snel resultaat\u00a0 &#8211; Neurologische reacties vergelijkbaar met vissen in natuurlijke habitat<\/li>\n<li>Te gebruiken voor zout en zoutwatervissen &#8211; Helpt alle soorten gedijen<\/li>\n<li>Kristalhelder water &#8211; Altijd sprankelend blauwwit water<\/li>\n<li>Nu met QUICKWASH CARBON \u2122 &#8211; een speciale ge\u00ebxtrudeerde gepelletiseerde koolstof van 0,08 mm met 30% meer oppervlakte dan onze originele koolstof en wordt voorgewassen<\/li>\n<\/ul>\n<p>Chemi-pure blijft al meer dan 60 jaar een revolutionair product, en praktisch alle aquariumfiltermedia zijn er naar gemodelleerd! Grote aquaria of kleine, Chemi-pure produceert consistente resultaten die het gemakkelijker maken om een \u200b\u200bmooi en gezond aquarium te onderhouden.<\/p>\n<p>Chemi-pure kan worden gebruikt met alle watertypen als een chemisch absorptiefilter, ionengenerator en uitwisselingseenheid om de pH positief op een perfect en constant niveau te houden. Chemi-pure is ook fantastisch voor gebruik met Afrikaanse cichliden en Discus! Chemi-pure verwijdert geen sporenelementen en is het enige filtermedium dat helpt bij de natuurlijke balans van positieve en negatieve ladingen, met de nadruk op het gunstige negatieve ion. Nu met QuickWash Carbon \u2122, onze nieuwste verbetering ten opzichte van de originele Chemi-pure formule. Deze koolstof wordt gepelletiseerd en voorgewassen en biedt de beste combinatie van oppervlakte, poriegrootte en stofgehalte, waardoor het de ideale filteroplossing is voor zoet- en zoutwateraquaria.<\/p>\n<p><strong>Gebruiksaanwijzing:<\/strong><\/p>\n<p>Houd Chemi-pure verzegeld nat in container tot klaar voor gebruik.<br \/>\nSpoel de zak gedurende 5 tot 10 seconden onder stromend water, plaats de zakken in een gebied met een grote doorstroming van uw opvangbak, filter of HOB-filter.<br \/>\nChemi-pure moet ongeveer elke 2-4 maanden worden vervangen, afhankelijk van de biologische belasting.<br \/>\nAls er meer dan \u00e9\u00e9n Chemi-pure filterzak wordt gebruikt, vervang deze dan elke week \u00e9\u00e9n voor \u00e9\u00e9n totdat alle zakken zijn vervangen.<\/p>\n","protected":false},"excerpt":{"rendered":"<p>Chemi Pure Grande 1134g filtration media<\/p>\n","protected":false},"featured_media":9545,"template":"","meta":[],"pwb-brand":[440],"product_cat":[638],"product_tag":[],"class_list":{"0":"post-9544","1":"product","2":"type-product","3":"status-publish","4":"has-post-thumbnail","6":"pwb-brand-boyd-enterprises","7":"product_cat-chemi-pure-boyd-enterprises","9":"first","10":"instock","11":"taxable","12":"shipping-taxable","13":"purchasable","14":"product-type-simple"},"acf":[],"brands":[{"id":440,"name":"Boyd Enterprises","slug":"boyd-enterprises"}],"_links":{"self":[{"href":"https:\/\/www.seaflowerstore.com\/nl\/wp-json\/wp\/v2\/product\/9544","targetHints":{"allow":["GET"]}}],"collection":[{"href":"https:\/\/www.seaflowerstore.com\/nl\/wp-json\/wp\/v2\/product"}],"about":[{"href":"https:\/\/www.seaflowerstore.com\/nl\/wp-json\/wp\/v2\/types\/product"}],"wp:featuredmedia":[{"embeddable":true,"href":"https:\/\/www.seaflowerstore.com\/nl\/wp-json\/wp\/v2\/media\/9545"}],"wp:attachment":[{"href":"https:\/\/www.seaflowerstore.com\/nl\/wp-json\/wp\/v2\/media?parent=9544"}],"wp:term":[{"taxonomy":"pwb-brand","embeddable":true,"href":"https:\/\/www.seaflowerstore.com\/nl\/wp-json\/wp\/v2\/pwb-brand?post=9544"},{"taxonomy":"product_cat","embeddable":true,"href":"https:\/\/www.seaflowerstore.com\/nl\/wp-json\/wp\/v2\/product_cat?post=9544"},{"taxonomy":"product_tag","embeddable":true,"href":"https:\/\/www.seaflowerstore.com\/nl\/wp-json\/wp\/v2\/product_tag?post=9544"}],"curies":[{"name":"wp","href":"https:\/\/api.w.org\/{rel}","templated":true}]}}