{"id":9967,"date":"2015-09-05T13:53:28","date_gmt":"2015-09-05T13:53:28","guid":{"rendered":"https:\/\/www.seaflowerstore.com\/nl\/?product=aqua-crobes-100ml"},"modified":"2022-10-10T21:03:56","modified_gmt":"2022-10-10T19:03:56","slug":"aqua-crobes-100ml","status":"publish","type":"product","link":"https:\/\/www.seaflowerstore.com\/nl\/aqua-crobes-100ml\/","title":{"rendered":"Aqua-Crobes 100ml"},"content":{"rendered":"<h2>Aqua-Crobes 100ml bevat natuurlijk voorkomende bacteri\u00ebn en enzymen<\/h2>\n<p style=\"font-size: 13px;line-height: 20.8px\">Aqua Crobes bevat natuurlijk voorkomende bacteri\u00ebn en enzymen. Deze bacteri\u00ebn reduceren het aantal ziekteverwekkende bacteri\u00ebn in het aquarium tot een dusdanig laag aantal, dat ze geen bedreiging meer vormen voor uw dieren. Aqua-Crobes gaat de concurrentie aan met de ziekteverwekkende bacteri\u00ebn als Vibrio, Pseudomonas, Aeromonas, Streptococcus, Allococcus, Myxobacterium, Columnaris en andere negatieve bacteri\u00ebn.<\/p>\n<p style=\"font-size: 13px;line-height: 20.8px\">Aqua Crobes gaat de concurrentie aan d.m.v. het introduceren van bacteri\u00ebn die bevorderlijk zijn voor de dieren in het aquarium. Dit proces heet competitieve uitsluiting. Aqua-Crobes concurreert met de ziekteverwekkende bacteri\u00ebn om de voedingsstoffen in het water waarvan ze afhankelijk zijn om te overleven terwijl ze wachten om een dier met lage weerstand aan te vallen. Tegelijkertijd produceren ze kleine peptiden welke giftig zijn voor de ziekteverwekkende bacteri\u00ebn. Wanneer u Aqua-Crobes gebruikt zoals aangegeven, zal het aantal ziekteverwekkende bacteri\u00ebn in het aquarium dusdanig laag zijn dat ze geen bedreiging meer vormen voor de gezondheid van uw dieren. Het is onmogelijk om alle ziekteverwekkende bacteri\u00ebn in het aquarium te bestrijden. Wanneer u Aqua-Crobes op regelmatige basis blijft gebruiken, dan blijven de aantallen ziekteverwekkende bacteri\u00ebn zo laag dat ze geen bedreiging meer vormen voor uw dieren.<\/p>\n<p style=\"font-size: 13px;line-height: 20.8px\">Aqua-Crobes is geen medicijn of chemotherapeutisch product en is veilig voor al uw dieren in het aquarium. Aqua-Crobes concurreert niet met andere bacteri\u00ebn supplementen zoals BioGro of Stability omdat ze andere voedingsstoffen uit het water halen. De bacteri\u00ebn in bijvoorbeeld BioGro of Stability voeden zich met o.a. Ammonia, Stikstoffen, etc. Aqua-Crobes voed zich met de voedingstoffen die bijvoorbeeld Aeromonas en Vibrio bacteri\u00ebn nodig hebben om te overleven in uw aquarium (o.a. vispoep). Omdat ze verschillende voedingstoffen benutten, kunnen bijvoorbeeld BioGro of Stability tegelijk gebruikt worden. Aqua-Crobes is een van de best bewaarde geheimen in de commerciale vis- en garnalen kwekerijen. Het bevorderd een gezonde kweek van vele soorten vis en garnalen en verhoogd de overleving aantallen. Aqua-Crobes verbetert ook artemia, copepods and brachionus culturen door het waterkwaliteit te verbeteren.<\/p>\n<p>GEBRUIKSAANWIJZING\n<\/p>\n<ul style=\"font-size: 13px;line-height: 20.8px\">\n<li>Toepassing starten: 1ml per 160 liter, een keer om de 3 dagen voor een periode van 9 dagen.<\/li>\n<li>Tweede toepassing: 1ml per 160 liter, een keer per week voor een periode van 2 weken.<\/li>\n<li>Onderhoud toepassing: 0,25ml per 160 liter een keer per week.<\/li>\n<li>Schakel uw U.V. lamp tijdens de eerste vijf behandelingen met Aqua-Crobes uit.<\/li>\n<li>Gebruik geen andere vloeibare antibiotica tijdens de eerste vijf behandelingen.<\/li>\n<li>Als uw vissen al van een bestaande bacteri\u00eble infectie lijden, dan kunt u de dosering (veilig) verdubbelen.<\/li>\n<li>Was uw handen na de behandeling grondig met warm water en zeep. Vermijd inademing en contact met de ogen.<\/li>\n<li>Aquaria met een laag zuurstofgehalte dienen tijdens de behandeling te te worden gecontroleerd en extra belucht.<\/li>\n<li>Na opening gekoeld bewaren.<\/li>\n<\/ul>\n<p style=\"font-size: 13px;line-height: 20.8px\">Aqua-Crobes bevat alleen Biosafety Level Class 1 bacteri\u00ebn die niet giftig zijn en natuurlijk voorkomende organismen \/ enzymen bevatten.<\/p>\n","protected":false},"excerpt":{"rendered":"<p>Aqua Crobes, bevat natuurlijk voorkomende bacteri\u00ebn en enzymen. Deze bacteri\u00ebn reduceren het aantal ziekteverwekkende bacteri\u00ebn in het aquarium tot een dusdanig laag aantal, dat ze geen bedreiging meer vormen voor uw dieren.<\/p>\n","protected":false},"featured_media":9968,"template":"","meta":[],"pwb-brand":[431],"product_cat":[543],"product_tag":[],"class_list":{"0":"post-9967","1":"product","2":"type-product","3":"status-publish","4":"has-post-thumbnail","6":"pwb-brand-dvh","7":"product_cat-zoutwater-aquarium-medicatie","9":"first","10":"instock","11":"taxable","12":"shipping-taxable","13":"purchasable","14":"product-type-simple"},"acf":[],"brands":[{"id":431,"name":"DVH","slug":"dvh"}],"_links":{"self":[{"href":"https:\/\/www.seaflowerstore.com\/nl\/wp-json\/wp\/v2\/product\/9967","targetHints":{"allow":["GET"]}}],"collection":[{"href":"https:\/\/www.seaflowerstore.com\/nl\/wp-json\/wp\/v2\/product"}],"about":[{"href":"https:\/\/www.seaflowerstore.com\/nl\/wp-json\/wp\/v2\/types\/product"}],"wp:featuredmedia":[{"embeddable":true,"href":"https:\/\/www.seaflowerstore.com\/nl\/wp-json\/wp\/v2\/media\/9968"}],"wp:attachment":[{"href":"https:\/\/www.seaflowerstore.com\/nl\/wp-json\/wp\/v2\/media?parent=9967"}],"wp:term":[{"taxonomy":"pwb-brand","embeddable":true,"href":"https:\/\/www.seaflowerstore.com\/nl\/wp-json\/wp\/v2\/pwb-brand?post=9967"},{"taxonomy":"product_cat","embeddable":true,"href":"https:\/\/www.seaflowerstore.com\/nl\/wp-json\/wp\/v2\/product_cat?post=9967"},{"taxonomy":"product_tag","embeddable":true,"href":"https:\/\/www.seaflowerstore.com\/nl\/wp-json\/wp\/v2\/product_tag?post=9967"}],"curies":[{"name":"wp","href":"https:\/\/api.w.org\/{rel}","templated":true}]}}